{"id":6290,"date":"2024-12-18T21:08:55","date_gmt":"2024-12-18T21:08:55","guid":{"rendered":"https:\/\/tj-multimedia.pt\/?page_id=6290"},"modified":"2024-12-19T13:02:49","modified_gmt":"2024-12-19T13:02:49","slug":"portfolio","status":"publish","type":"page","link":"https:\/\/tj-multimedia.pt\/en\/portfolio\/","title":{"rendered":"Portfolio"},"content":{"rendered":"<div data-elementor-type=\"wp-page\" data-elementor-id=\"6290\" class=\"elementor elementor-6290\">\n\t\t\t\t<div class=\"elementor-element elementor-element-5eb8e7b2 e-flex e-con-boxed wpr-particle-no wpr-jarallax-no wpr-parallax-no wpr-sticky-section-no wpr-column-slider-no wpr-equal-height-no e-con e-parent\" data-id=\"5eb8e7b2\" data-element_type=\"container\" data-e-type=\"container\" data-settings=\"{&quot;background_background&quot;:&quot;classic&quot;}\">\n\t\t\t\t\t<div class=\"e-con-inner\">\n\t\t\t\t<div class=\"elementor-element elementor-element-0e4bc41 elementor-widget elementor-widget-heading\" data-id=\"0e4bc41\" data-element_type=\"widget\" data-e-type=\"widget\" data-widget_type=\"heading.default\">\n\t\t\t\t<div class=\"elementor-widget-container\">\n\t\t\t\t\t<h2 class=\"elementor-heading-title elementor-size-default\">Portfolio<\/h2>\t\t\t\t<\/div>\n\t\t\t\t<\/div>\n\t\t\t\t<div class=\"elementor-element elementor-element-cc20421 elementor-widget elementor-widget-text-editor\" data-id=\"cc20421\" data-element_type=\"widget\" data-e-type=\"widget\" data-widget_type=\"text-editor.default\">\n\t\t\t\t<div class=\"elementor-widget-container\">\n\t\t\t\t\t\t\t\t\t<p style=\"text-align: center;\">Na TJ-Multim\u00e9dia, criamos eventos que marcam. Da conce\u00e7\u00e3o \u00e0 execu\u00e7\u00e3o, cuidamos de cada detalhe com criatividade e profissionalismo. Somos especialistas em espet\u00e1culos musicais, eventos corporativos, live streaming e produ\u00e7\u00e3o audiovisual.<\/p><p style=\"text-align: center;\">Desde a contrata\u00e7\u00e3o de artistas at\u00e9 \u00e0 montagem de estruturas, som e v\u00eddeo, garantimos solu\u00e7\u00f5es t\u00e9cnicas \u00e0 medida de qualquer desafio. Dominamos o digital na produ\u00e7\u00e3o de v\u00eddeo, criando document\u00e1rios, filmes institucionais e spots publicit\u00e1rios que contam hist\u00f3rias de forma impactante.<\/p><p style=\"text-align: center;\">Seja um concerto, um document\u00e1rio ou uma experi\u00eancia visual \u00fanica, o nosso compromisso \u00e9 simples: criar momentos que ficam na mem\u00f3ria.<\/p>\t\t\t\t\t\t\t\t<\/div>\n\t\t\t\t<\/div>\n\t\t\t\t<div class=\"elementor-element elementor-element-4bdf02a elementor-widget elementor-widget-heading\" data-id=\"4bdf02a\" data-element_type=\"widget\" data-e-type=\"widget\" data-widget_type=\"heading.default\">\n\t\t\t\t<div class=\"elementor-widget-container\">\n\t\t\t\t\t<h2 class=\"elementor-heading-title elementor-size-default\">\nExplore o nosso portf\u00f3lio e veja como podemos transformar o seu projeto, evento ou ideia!<\/h2>\t\t\t\t<\/div>\n\t\t\t\t<\/div>\n\t\t\t\t\t<\/div>\n\t\t\t\t<\/div>\n\t\t<div class=\"elementor-element elementor-element-0fcaed5 e-flex e-con-boxed wpr-particle-no wpr-jarallax-no wpr-parallax-no wpr-sticky-section-no wpr-column-slider-no wpr-equal-height-no e-con e-parent\" data-id=\"0fcaed5\" data-element_type=\"container\" data-e-type=\"container\" data-settings=\"{&quot;background_background&quot;:&quot;classic&quot;}\">\n\t\t\t\t\t<div class=\"e-con-inner\">\n\t\t<div class=\"elementor-element elementor-element-3a1052a e-con-full e-flex wpr-particle-no wpr-jarallax-no wpr-parallax-no wpr-sticky-section-no wpr-column-slider-no wpr-equal-height-no e-con e-child\" data-id=\"3a1052a\" data-element_type=\"container\" data-e-type=\"container\">\n\t\t\t\t<div class=\"elementor-element elementor-element-c720e8e elementor-widget elementor-widget-call-to-action\" data-id=\"c720e8e\" data-element_type=\"widget\" data-e-type=\"widget\" data-widget_type=\"call-to-action.default\">\n\t\t\t\t<div class=\"elementor-widget-container\">\n\t\t\t\t\t \t\t\t\t<\/div>\n\t\t\t\t<\/div>\n\t\t\t\t<\/div>\n\t\t<div class=\"elementor-element elementor-element-e01d9f7 e-con-full e-flex wpr-particle-no wpr-jarallax-no wpr-parallax-no wpr-sticky-section-no wpr-column-slider-no wpr-equal-height-no e-con e-child\" data-id=\"e01d9f7\" data-element_type=\"container\" data-e-type=\"container\">\n\t\t\t\t<div class=\"elementor-element elementor-element-d343084 elementor-widget elementor-widget-call-to-action\" data-id=\"d343084\" data-element_type=\"widget\" data-e-type=\"widget\" data-widget_type=\"call-to-action.default\">\n\t\t\t\t<div class=\"elementor-widget-container\">\n\t\t\t\t\t \t\t\t\t<\/div>\n\t\t\t\t<\/div>\n\t\t\t\t<\/div>\n\t\t<div class=\"elementor-element elementor-element-5271283 e-con-full e-flex wpr-particle-no wpr-jarallax-no wpr-parallax-no wpr-sticky-section-no wpr-column-slider-no wpr-equal-height-no e-con e-child\" data-id=\"5271283\" data-element_type=\"container\" data-e-type=\"container\">\n\t\t\t\t<div class=\"elementor-element elementor-element-6bf5d58 elementor-widget-divider--view-line elementor-widget elementor-widget-divider\" data-id=\"6bf5d58\" data-element_type=\"widget\" data-e-type=\"widget\" data-widget_type=\"divider.default\">\n\t\t\t\t<div class=\"elementor-widget-container\">\n\t\t\t\t\t\t\t<div class=\"elementor-divider\">\n\t\t\t<span class=\"elementor-divider-separator\">\n\t\t\t\t\t\t<\/span>\n\t\t<\/div>\n\t\t\t\t\t\t<\/div>\n\t\t\t\t<\/div>\n\t\t<div class=\"elementor-element elementor-element-15e170f e-grid e-con-boxed wpr-particle-no wpr-jarallax-no wpr-parallax-no wpr-sticky-section-no wpr-column-slider-no wpr-equal-height-no e-con e-child\" data-id=\"15e170f\" data-element_type=\"container\" data-e-type=\"container\">\n\t\t\t\t\t<div class=\"e-con-inner\">\n\t\t\t\t<div class=\"elementor-element elementor-element-000807f elementor-widget elementor-widget-video\" data-id=\"000807f\" data-element_type=\"widget\" data-e-type=\"widget\" data-settings=\"{&quot;youtube_url&quot;:&quot;https:\\\/\\\/youtu.be\\\/fJEZ2tPwj40&quot;,&quot;video_type&quot;:&quot;youtube&quot;,&quot;controls&quot;:&quot;yes&quot;}\" data-widget_type=\"video.default\">\n\t\t\t\t<div class=\"elementor-widget-container\">\n\t\t\t\t\t\t\t<div class=\"elementor-wrapper elementor-open-inline\">\n\t\t\t<div class=\"elementor-video\"><\/div>\t\t<\/div>\n\t\t\t\t\t\t<\/div>\n\t\t\t\t<\/div>\n\t\t\t\t<div class=\"elementor-element elementor-element-d8a7dfb elementor-widget elementor-widget-video\" data-id=\"d8a7dfb\" data-element_type=\"widget\" data-e-type=\"widget\" data-settings=\"{&quot;youtube_url&quot;:&quot;https:\\\/\\\/youtu.be\\\/pILpiHe4YRY&quot;,&quot;video_type&quot;:&quot;youtube&quot;,&quot;controls&quot;:&quot;yes&quot;}\" data-widget_type=\"video.default\">\n\t\t\t\t<div class=\"elementor-widget-container\">\n\t\t\t\t\t\t\t<div class=\"elementor-wrapper elementor-open-inline\">\n\t\t\t<div class=\"elementor-video\"><\/div>\t\t<\/div>\n\t\t\t\t\t\t<\/div>\n\t\t\t\t<\/div>\n\t\t\t\t\t<\/div>\n\t\t\t\t<\/div>\n\t\t\t\t<div class=\"elementor-element elementor-element-60bc992 elementor-widget-divider--view-line elementor-widget elementor-widget-divider\" data-id=\"60bc992\" data-element_type=\"widget\" data-e-type=\"widget\" data-widget_type=\"divider.default\">\n\t\t\t\t<div class=\"elementor-widget-container\">\n\t\t\t\t\t\t\t<div class=\"elementor-divider\">\n\t\t\t<span class=\"elementor-divider-separator\">\n\t\t\t\t\t\t<\/span>\n\t\t<\/div>\n\t\t\t\t\t\t<\/div>\n\t\t\t\t<\/div>\n\t\t\t\t<div class=\"elementor-element elementor-element-d129279 elementor-widget elementor-widget-heading\" data-id=\"d129279\" data-element_type=\"widget\" data-e-type=\"widget\" data-widget_type=\"heading.default\">\n\t\t\t\t<div class=\"elementor-widget-container\">\n\t\t\t\t\t<h2 class=\"elementor-heading-title elementor-size-default\">Galeria<\/h2>\t\t\t\t<\/div>\n\t\t\t\t<\/div>\n\t\t\t\t<div class=\"elementor-element elementor-element-114662b elementor-widget elementor-widget-gallery\" data-id=\"114662b\" data-element_type=\"widget\" data-e-type=\"widget\" data-widget_type=\"gallery.default\">\n\t\t\t\t<div class=\"elementor-widget-container\">\n\t\t\t\t\t \t\t\t\t<\/div>\n\t\t\t\t<\/div>\n\t\t<div class=\"elementor-element elementor-element-8f862ff e-con-full e-flex wpr-particle-no wpr-jarallax-no wpr-parallax-no wpr-sticky-section-no wpr-column-slider-no wpr-equal-height-no e-con e-child\" data-id=\"8f862ff\" data-element_type=\"container\" data-e-type=\"container\">\n\t\t\t\t<\/div>\n\t\t\t\t<\/div>\n\t\t<div class=\"elementor-element elementor-element-97cb070 e-con-full e-flex wpr-particle-no wpr-jarallax-no wpr-parallax-no wpr-sticky-section-no wpr-column-slider-no wpr-equal-height-no e-con e-child\" data-id=\"97cb070\" data-element_type=\"container\" data-e-type=\"container\">\n\t\t\t\t<\/div>\n\t\t\t\t\t<\/div>\n\t\t\t\t<\/div>\n\t\t\t\t<\/div>\n\t\t\n    <div class=\"xs_social_share_widget xs_share_url after_content \t\tmain_content  wslu-style-1 wslu-share-box-shaped wslu-fill-colored wslu-none wslu-share-horizontal wslu-theme-font-no wslu-main_content\">\n\n\t\t\n        <ul>\n\t\t\t        <\/ul>\n    <\/div>","protected":false},"excerpt":{"rendered":"<p>Portf\u00f3lio Na TJ-Multim\u00e9dia, criamos eventos que marcam. Da conce\u00e7\u00e3o \u00e0 execu\u00e7\u00e3o, cuidamos de cada detalhe com criatividade e profissionalismo. Somos especialistas em espet\u00e1culos musicais, eventos corporativos, live streaming e produ\u00e7\u00e3o audiovisual. Desde a contrata\u00e7\u00e3o de artistas at\u00e9 \u00e0 montagem de estruturas, som e v\u00eddeo, garantimos solu\u00e7\u00f5es t\u00e9cnicas \u00e0 medida de qualquer desafio. Dominamos o digital na produ\u00e7\u00e3o de v\u00eddeo, criando document\u00e1rios, filmes institucionais e spots publicit\u00e1rios que contam hist\u00f3rias de forma impactante. Seja um concerto, um document\u00e1rio ou uma experi\u00eancia visual \u00fanica, o nosso compromisso \u00e9 simples: criar momentos que ficam na mem\u00f3ria. Explore o nosso portf\u00f3lio e veja como podemos transformar o seu projeto, evento ou ideia! Nossos Eventos Nossos V\u00eddeos https:\/\/youtu.be\/fJEZ2tPwj40https:\/\/youtu.be\/pILpiHe4YRY Galeria<\/p>","protected":false},"author":1,"featured_media":0,"parent":0,"menu_order":0,"comment_status":"closed","ping_status":"closed","template":"elementor_header_footer","meta":{"postBodyCss":"","postBodyMargin":[],"postBodyPadding":[],"postBodyBackground":{"backgroundType":"classic","gradient":""},"site-sidebar-layout":"default","site-content-layout":"","ast-site-content-layout":"default","site-content-style":"default","site-sidebar-style":"default","ast-global-header-display":"","ast-banner-title-visibility":"","ast-main-header-display":"","ast-hfb-above-header-display":"","ast-hfb-below-header-display":"","ast-hfb-mobile-header-display":"","site-post-title":"","ast-breadcrumbs-content":"","ast-featured-img":"","footer-sml-layout":"","ast-disable-related-posts":"","theme-transparent-header-meta":"","adv-header-id-meta":"","stick-header-meta":"","header-above-stick-meta":"","header-main-stick-meta":"","header-below-stick-meta":"","astra-migrate-meta-layouts":"default","ast-page-background-enabled":"default","ast-page-background-meta":{"desktop":{"background-color":"var(--ast-global-color-5)","background-image":"","background-repeat":"repeat","background-position":"center center","background-size":"auto","background-attachment":"scroll","background-type":"","background-media":"","overlay-type":"","overlay-color":"","overlay-opacity":"","overlay-gradient":""},"tablet":{"background-color":"","background-image":"","background-repeat":"repeat","background-position":"center center","background-size":"auto","background-attachment":"scroll","background-type":"","background-media":"","overlay-type":"","overlay-color":"","overlay-opacity":"","overlay-gradient":""},"mobile":{"background-color":"","background-image":"","background-repeat":"repeat","background-position":"center center","background-size":"auto","background-attachment":"scroll","background-type":"","background-media":"","overlay-type":"","overlay-color":"","overlay-opacity":"","overlay-gradient":""}},"ast-content-background-meta":{"desktop":{"background-color":"var(--ast-global-color-4)","background-image":"","background-repeat":"repeat","background-position":"center center","background-size":"auto","background-attachment":"scroll","background-type":"","background-media":"","overlay-type":"","overlay-color":"","overlay-opacity":"","overlay-gradient":""},"tablet":{"background-color":"var(--ast-global-color-4)","background-image":"","background-repeat":"repeat","background-position":"center center","background-size":"auto","background-attachment":"scroll","background-type":"","background-media":"","overlay-type":"","overlay-color":"","overlay-opacity":"","overlay-gradient":""},"mobile":{"background-color":"var(--ast-global-color-4)","background-image":"","background-repeat":"repeat","background-position":"center center","background-size":"auto","background-attachment":"scroll","background-type":"","background-media":"","overlay-type":"","overlay-color":"","overlay-opacity":"","overlay-gradient":""}},"footnotes":""},"class_list":["post-6290","page","type-page","status-publish","hentry"],"yoast_head":"<!-- This site is optimized with the Yoast SEO plugin v27.6 - https:\/\/yoast.com\/product\/yoast-seo-wordpress\/ -->\n<title>Portf\u00f3lio - TJ MULTIM\u00c9DIA<\/title>\n<meta name=\"robots\" content=\"index, follow, max-snippet:-1, max-image-preview:large, max-video-preview:-1\" \/>\n<link rel=\"canonical\" href=\"https:\/\/tj-multimedia.pt\/en\/portfolio\/\" \/>\n<meta property=\"og:locale\" content=\"en_US\" \/>\n<meta property=\"og:type\" content=\"article\" \/>\n<meta property=\"og:title\" content=\"Portf\u00f3lio - TJ MULTIM\u00c9DIA\" \/>\n<meta property=\"og:description\" content=\"Portf\u00f3lio Na TJ-Multim\u00e9dia, criamos eventos que marcam. Da conce\u00e7\u00e3o \u00e0 execu\u00e7\u00e3o, cuidamos de cada detalhe com criatividade e profissionalismo. Somos especialistas em espet\u00e1culos musicais, eventos corporativos, live streaming e produ\u00e7\u00e3o audiovisual. Desde a contrata\u00e7\u00e3o de artistas at\u00e9 \u00e0 montagem de estruturas, som e v\u00eddeo, garantimos solu\u00e7\u00f5es t\u00e9cnicas \u00e0 medida de qualquer desafio. Dominamos o digital na produ\u00e7\u00e3o de v\u00eddeo, criando document\u00e1rios, filmes institucionais e spots publicit\u00e1rios que contam hist\u00f3rias de forma impactante. Seja um concerto, um document\u00e1rio ou uma experi\u00eancia visual \u00fanica, o nosso compromisso \u00e9 simples: criar momentos que ficam na mem\u00f3ria. Explore o nosso portf\u00f3lio e veja como podemos transformar o seu projeto, evento ou ideia! Nossos Eventos Nossos V\u00eddeos https:\/\/youtu.be\/fJEZ2tPwj40https:\/\/youtu.be\/pILpiHe4YRY Galeria\" \/>\n<meta property=\"og:url\" content=\"https:\/\/tj-multimedia.pt\/en\/portfolio\/\" \/>\n<meta property=\"og:site_name\" content=\"TJ MULTIM\u00c9DIA\" \/>\n<meta property=\"article:publisher\" content=\"https:\/\/www.facebook.com\/TJMultimedia\" \/>\n<meta property=\"article:modified_time\" content=\"2024-12-19T13:02:49+00:00\" \/>\n<meta name=\"twitter:card\" content=\"summary_large_image\" \/>\n<meta name=\"twitter:label1\" content=\"Est. reading time\" \/>\n\t<meta name=\"twitter:data1\" content=\"1 minute\" \/>\n<script type=\"application\/ld+json\" class=\"yoast-schema-graph\">{\"@context\":\"https:\\\/\\\/schema.org\",\"@graph\":[{\"@type\":\"WebPage\",\"@id\":\"https:\\\/\\\/tj-multimedia.pt\\\/portfolio\\\/\",\"url\":\"https:\\\/\\\/tj-multimedia.pt\\\/portfolio\\\/\",\"name\":\"Portf\u00f3lio - TJ MULTIM\u00c9DIA\",\"isPartOf\":{\"@id\":\"https:\\\/\\\/tj-multimedia.pt\\\/#website\"},\"datePublished\":\"2024-12-18T21:08:55+00:00\",\"dateModified\":\"2024-12-19T13:02:49+00:00\",\"breadcrumb\":{\"@id\":\"https:\\\/\\\/tj-multimedia.pt\\\/portfolio\\\/#breadcrumb\"},\"inLanguage\":\"en-US\",\"potentialAction\":[{\"@type\":\"ReadAction\",\"target\":[\"https:\\\/\\\/tj-multimedia.pt\\\/portfolio\\\/\"]}]},{\"@type\":\"BreadcrumbList\",\"@id\":\"https:\\\/\\\/tj-multimedia.pt\\\/portfolio\\\/#breadcrumb\",\"itemListElement\":[{\"@type\":\"ListItem\",\"position\":1,\"name\":\"Home\",\"item\":\"https:\\\/\\\/tj-multimedia.pt\\\/\"},{\"@type\":\"ListItem\",\"position\":2,\"name\":\"Portf\u00f3lio\"}]},{\"@type\":\"WebSite\",\"@id\":\"https:\\\/\\\/tj-multimedia.pt\\\/#website\",\"url\":\"https:\\\/\\\/tj-multimedia.pt\\\/\",\"name\":\"TJ MULTIM\u00c9DIA\",\"description\":\"TJ MULTIM\u00c9DIA\",\"potentialAction\":[{\"@type\":\"SearchAction\",\"target\":{\"@type\":\"EntryPoint\",\"urlTemplate\":\"https:\\\/\\\/tj-multimedia.pt\\\/?s={search_term_string}\"},\"query-input\":{\"@type\":\"PropertyValueSpecification\",\"valueRequired\":true,\"valueName\":\"search_term_string\"}}],\"inLanguage\":\"en-US\"}]}<\/script>\n<!-- \/ Yoast SEO plugin. -->","yoast_head_json":{"title":"Portf\u00f3lio - TJ MULTIM\u00c9DIA","robots":{"index":"index","follow":"follow","max-snippet":"max-snippet:-1","max-image-preview":"max-image-preview:large","max-video-preview":"max-video-preview:-1"},"canonical":"https:\/\/tj-multimedia.pt\/en\/portfolio\/","og_locale":"en_US","og_type":"article","og_title":"Portf\u00f3lio - TJ MULTIM\u00c9DIA","og_description":"Portf\u00f3lio Na TJ-Multim\u00e9dia, criamos eventos que marcam. Da conce\u00e7\u00e3o \u00e0 execu\u00e7\u00e3o, cuidamos de cada detalhe com criatividade e profissionalismo. Somos especialistas em espet\u00e1culos musicais, eventos corporativos, live streaming e produ\u00e7\u00e3o audiovisual. Desde a contrata\u00e7\u00e3o de artistas at\u00e9 \u00e0 montagem de estruturas, som e v\u00eddeo, garantimos solu\u00e7\u00f5es t\u00e9cnicas \u00e0 medida de qualquer desafio. Dominamos o digital na produ\u00e7\u00e3o de v\u00eddeo, criando document\u00e1rios, filmes institucionais e spots publicit\u00e1rios que contam hist\u00f3rias de forma impactante. Seja um concerto, um document\u00e1rio ou uma experi\u00eancia visual \u00fanica, o nosso compromisso \u00e9 simples: criar momentos que ficam na mem\u00f3ria. Explore o nosso portf\u00f3lio e veja como podemos transformar o seu projeto, evento ou ideia! Nossos Eventos Nossos V\u00eddeos https:\/\/youtu.be\/fJEZ2tPwj40https:\/\/youtu.be\/pILpiHe4YRY Galeria","og_url":"https:\/\/tj-multimedia.pt\/en\/portfolio\/","og_site_name":"TJ MULTIM\u00c9DIA","article_publisher":"https:\/\/www.facebook.com\/TJMultimedia","article_modified_time":"2024-12-19T13:02:49+00:00","twitter_card":"summary_large_image","twitter_misc":{"Est. reading time":"1 minute"},"schema":{"@context":"https:\/\/schema.org","@graph":[{"@type":"WebPage","@id":"https:\/\/tj-multimedia.pt\/portfolio\/","url":"https:\/\/tj-multimedia.pt\/portfolio\/","name":"Portf\u00f3lio - TJ MULTIM\u00c9DIA","isPartOf":{"@id":"https:\/\/tj-multimedia.pt\/#website"},"datePublished":"2024-12-18T21:08:55+00:00","dateModified":"2024-12-19T13:02:49+00:00","breadcrumb":{"@id":"https:\/\/tj-multimedia.pt\/portfolio\/#breadcrumb"},"inLanguage":"en-US","potentialAction":[{"@type":"ReadAction","target":["https:\/\/tj-multimedia.pt\/portfolio\/"]}]},{"@type":"BreadcrumbList","@id":"https:\/\/tj-multimedia.pt\/portfolio\/#breadcrumb","itemListElement":[{"@type":"ListItem","position":1,"name":"Home","item":"https:\/\/tj-multimedia.pt\/"},{"@type":"ListItem","position":2,"name":"Portf\u00f3lio"}]},{"@type":"WebSite","@id":"https:\/\/tj-multimedia.pt\/#website","url":"https:\/\/tj-multimedia.pt\/","name":"TJ MULTIM\u00c9DIA","description":"TJ MULTIM\u00c9DIA","potentialAction":[{"@type":"SearchAction","target":{"@type":"EntryPoint","urlTemplate":"https:\/\/tj-multimedia.pt\/?s={search_term_string}"},"query-input":{"@type":"PropertyValueSpecification","valueRequired":true,"valueName":"search_term_string"}}],"inLanguage":"en-US"}]}},"_hostinger_reach_plugin_has_subscription_block":false,"_hostinger_reach_plugin_is_elementor":false,"_links":{"self":[{"href":"https:\/\/tj-multimedia.pt\/en\/wp-json\/wp\/v2\/pages\/6290","targetHints":{"allow":["GET"]}}],"collection":[{"href":"https:\/\/tj-multimedia.pt\/en\/wp-json\/wp\/v2\/pages"}],"about":[{"href":"https:\/\/tj-multimedia.pt\/en\/wp-json\/wp\/v2\/types\/page"}],"author":[{"embeddable":true,"href":"https:\/\/tj-multimedia.pt\/en\/wp-json\/wp\/v2\/users\/1"}],"replies":[{"embeddable":true,"href":"https:\/\/tj-multimedia.pt\/en\/wp-json\/wp\/v2\/comments?post=6290"}],"version-history":[{"count":21,"href":"https:\/\/tj-multimedia.pt\/en\/wp-json\/wp\/v2\/pages\/6290\/revisions"}],"predecessor-version":[{"id":6413,"href":"https:\/\/tj-multimedia.pt\/en\/wp-json\/wp\/v2\/pages\/6290\/revisions\/6413"}],"wp:attachment":[{"href":"https:\/\/tj-multimedia.pt\/en\/wp-json\/wp\/v2\/media?parent=6290"}],"curies":[{"name":"wp","href":"https:\/\/api.w.org\/{rel}","templated":true}]}}