{"id":3774,"date":"2024-06-28T23:20:48","date_gmt":"2024-06-28T23:20:48","guid":{"rendered":"https:\/\/tj-multimedia.pt\/?page_id=3774"},"modified":"2026-05-08T11:12:44","modified_gmt":"2026-05-08T11:12:44","slug":"blog-tj-multimedia-marketing-comunicacao-e-eventos","status":"publish","type":"page","link":"https:\/\/tj-multimedia.pt\/en\/blog-tj-multimedia-marketing-comunicacao-e-eventos\/","title":{"rendered":"Blog"},"content":{"rendered":"<div data-elementor-type=\"wp-page\" data-elementor-id=\"3774\" class=\"elementor elementor-3774\">\n\t\t\t\t<div class=\"elementor-element elementor-element-5eb8e7b2 e-con-full e-flex wpr-particle-no wpr-jarallax-no wpr-parallax-no wpr-sticky-section-no wpr-column-slider-no wpr-equal-height-no e-con e-parent\" data-id=\"5eb8e7b2\" data-element_type=\"container\" data-e-type=\"container\" data-settings=\"{&quot;background_background&quot;:&quot;classic&quot;}\">\n\t\t\t\t<div class=\"elementor-element elementor-element-2420ca80 elementor-widget elementor-widget-text-editor\" data-id=\"2420ca80\" data-element_type=\"widget\" data-e-type=\"widget\" data-widget_type=\"text-editor.default\">\n\t\t\t\t<div class=\"elementor-widget-container\">\n\t\t\t\t\t\t\t\t\t<p>Blog<\/p><h6 data-start=\"1390\" data-end=\"1501\">Artigos sobre produ\u00e7\u00e3o t\u00e9cnica, audiovisual e livestream<\/h6>\t\t\t\t\t\t\t\t<\/div>\n\t\t\t\t<\/div>\n\t\t<div class=\"elementor-element elementor-element-d3e1683 e-con-full e-flex wpr-particle-no wpr-jarallax-no wpr-parallax-no wpr-sticky-section-no wpr-column-slider-no wpr-equal-height-no e-con e-child\" data-id=\"d3e1683\" data-element_type=\"container\" data-e-type=\"container\">\n\t\t<div class=\"elementor-element elementor-element-aaac752 e-con-full e-flex wpr-particle-no wpr-jarallax-no wpr-parallax-no wpr-sticky-section-no wpr-column-slider-no wpr-equal-height-no e-con e-child\" data-id=\"aaac752\" data-element_type=\"container\" data-e-type=\"container\">\n\t\t<div class=\"elementor-element elementor-element-e708c52 e-flex e-con-boxed wpr-particle-no wpr-jarallax-no wpr-parallax-no wpr-sticky-section-no wpr-column-slider-no wpr-equal-height-no e-con e-child\" data-id=\"e708c52\" data-element_type=\"container\" data-e-type=\"container\">\n\t\t\t\t\t<div class=\"e-con-inner\">\n\t\t\t\t<div class=\"elementor-element elementor-element-575e1cc elementor-widget elementor-widget-text-editor\" data-id=\"575e1cc\" data-element_type=\"widget\" data-e-type=\"widget\" data-widget_type=\"text-editor.default\">\n\t\t\t\t<div class=\"elementor-widget-container\">\n\t\t\t\t\t\t\t\t\t<p data-start=\"211\" data-end=\"586\">O nosso Blog apresenta artigos sobre produ\u00e7\u00e3o t\u00e9cnica de eventos, audiovisual e livestream. Al\u00e9m disso, re\u00fane estudos de caso e tend\u00eancias que ajudam profissionais e clientes a tomar decis\u00f5es informadas. Assim, esta p\u00e1gina funciona como um ponto de acesso r\u00e1pido ao conhecimento t\u00e9cnico e \u00e0s novidades do setor. Por fim, cada publica\u00e7\u00e3o aprofunda temas essenciais atrav\u00e9s de exemplos reais e conte\u00fados pr\u00e1ticos.<\/p>\t\t\t\t\t\t\t\t<\/div>\n\t\t\t\t<\/div>\n\t\t\t\t\t<\/div>\n\t\t\t\t<\/div>\n\t\t\t\t<\/div>\n\t\t\t\t<\/div>\n\t\t\t\t<\/div>\n\t\t<div class=\"elementor-element elementor-element-dac65f4 e-flex e-con-boxed wpr-particle-no wpr-jarallax-no wpr-parallax-no wpr-sticky-section-no wpr-column-slider-no wpr-equal-height-no e-con e-parent\" data-id=\"dac65f4\" data-element_type=\"container\" data-e-type=\"container\" data-settings=\"{&quot;background_background&quot;:&quot;classic&quot;}\">\n\t\t\t\t\t<div class=\"e-con-inner\">\n\t\t\t\t<div class=\"elementor-element elementor-element-7b3c579 elementor-widget elementor-widget-posts\" data-id=\"7b3c579\" data-element_type=\"widget\" data-e-type=\"widget\" data-widget_type=\"posts.cards\">\n\t\t\t\t<div class=\"elementor-widget-container\">\n\t\t\t\t\t \t\t\t\t<\/div>\n\t\t\t\t<\/div>\n\t\t\t\t\t<\/div>\n\t\t\t\t<\/div>\n\t\t\t\t<\/div>\n\t\t\n    <div class=\"xs_social_share_widget xs_share_url after_content \t\tmain_content  wslu-style-1 wslu-share-box-shaped wslu-fill-colored wslu-none wslu-share-horizontal wslu-theme-font-no wslu-main_content\">\n\n\t\t\n        <ul>\n\t\t\t        <\/ul>\n    <\/div>","protected":false},"excerpt":{"rendered":"<p>Blog Artigos sobre produ\u00e7\u00e3o t\u00e9cnica, audiovisual e livestream O nosso Blog apresenta artigos sobre produ\u00e7\u00e3o t\u00e9cnica de eventos, audiovisual e livestream. Al\u00e9m disso, re\u00fane estudos de caso e tend\u00eancias que ajudam profissionais e clientes a tomar decis\u00f5es informadas. Assim, esta p\u00e1gina funciona como um ponto de acesso r\u00e1pido ao conhecimento t\u00e9cnico e \u00e0s novidades do setor. Por fim, cada publica\u00e7\u00e3o aprofunda temas essenciais atrav\u00e9s de exemplos reais e conte\u00fados pr\u00e1ticos.<\/p>","protected":false},"author":1,"featured_media":0,"parent":0,"menu_order":0,"comment_status":"closed","ping_status":"closed","template":"elementor_header_footer","meta":{"postBodyCss":"","postBodyMargin":[],"postBodyPadding":[],"postBodyBackground":{"backgroundType":"classic","gradient":""},"site-sidebar-layout":"default","site-content-layout":"","ast-site-content-layout":"default","site-content-style":"default","site-sidebar-style":"default","ast-global-header-display":"","ast-banner-title-visibility":"","ast-main-header-display":"","ast-hfb-above-header-display":"","ast-hfb-below-header-display":"","ast-hfb-mobile-header-display":"","site-post-title":"","ast-breadcrumbs-content":"","ast-featured-img":"","footer-sml-layout":"","ast-disable-related-posts":"","theme-transparent-header-meta":"","adv-header-id-meta":"","stick-header-meta":"","header-above-stick-meta":"","header-main-stick-meta":"","header-below-stick-meta":"","astra-migrate-meta-layouts":"default","ast-page-background-enabled":"default","ast-page-background-meta":{"desktop":{"background-color":"var(--ast-global-color-5)","background-image":"","background-repeat":"repeat","background-position":"center center","background-size":"auto","background-attachment":"scroll","background-type":"","background-media":"","overlay-type":"","overlay-color":"","overlay-opacity":"","overlay-gradient":""},"tablet":{"background-color":"","background-image":"","background-repeat":"repeat","background-position":"center center","background-size":"auto","background-attachment":"scroll","background-type":"","background-media":"","overlay-type":"","overlay-color":"","overlay-opacity":"","overlay-gradient":""},"mobile":{"background-color":"","background-image":"","background-repeat":"repeat","background-position":"center center","background-size":"auto","background-attachment":"scroll","background-type":"","background-media":"","overlay-type":"","overlay-color":"","overlay-opacity":"","overlay-gradient":""}},"ast-content-background-meta":{"desktop":{"background-color":"var(--ast-global-color-4)","background-image":"","background-repeat":"repeat","background-position":"center center","background-size":"auto","background-attachment":"scroll","background-type":"","background-media":"","overlay-type":"","overlay-color":"","overlay-opacity":"","overlay-gradient":""},"tablet":{"background-color":"var(--ast-global-color-4)","background-image":"","background-repeat":"repeat","background-position":"center center","background-size":"auto","background-attachment":"scroll","background-type":"","background-media":"","overlay-type":"","overlay-color":"","overlay-opacity":"","overlay-gradient":""},"mobile":{"background-color":"var(--ast-global-color-4)","background-image":"","background-repeat":"repeat","background-position":"center center","background-size":"auto","background-attachment":"scroll","background-type":"","background-media":"","overlay-type":"","overlay-color":"","overlay-opacity":"","overlay-gradient":""}},"footnotes":""},"class_list":["post-3774","page","type-page","status-publish","hentry"],"yoast_head":"<!-- This site is optimized with the Yoast SEO plugin v27.6 - https:\/\/yoast.com\/product\/yoast-seo-wordpress\/ -->\n<title>Blog TJ Multim\u00e9dia | Produ\u00e7\u00e3o, Multim\u00e9dia e Eventos<\/title>\n<meta name=\"description\" content=\"Blog da TJ Multim\u00e9dia com conte\u00fados sobre produ\u00e7\u00e3o t\u00e9cnica, multim\u00e9dia, eventos, casamentos, marketing, dicas e tend\u00eancias criativas.\" \/>\n<meta name=\"robots\" content=\"index, follow, max-snippet:-1, max-image-preview:large, max-video-preview:-1\" \/>\n<link rel=\"canonical\" href=\"https:\/\/tj-multimedia.pt\/en\/blog-tj-multimedia-marketing-comunicacao-e-eventos\/\" \/>\n<meta property=\"og:locale\" content=\"en_US\" \/>\n<meta property=\"og:type\" content=\"article\" \/>\n<meta property=\"og:title\" content=\"Blog TJ Multim\u00e9dia | Produ\u00e7\u00e3o, Multim\u00e9dia e Eventos\" \/>\n<meta property=\"og:description\" content=\"Blog da TJ Multim\u00e9dia com conte\u00fados sobre produ\u00e7\u00e3o t\u00e9cnica, multim\u00e9dia, eventos, casamentos, marketing, dicas e tend\u00eancias criativas.\" \/>\n<meta property=\"og:url\" content=\"https:\/\/tj-multimedia.pt\/en\/blog-tj-multimedia-marketing-comunicacao-e-eventos\/\" \/>\n<meta property=\"og:site_name\" content=\"TJ MULTIM\u00c9DIA\" \/>\n<meta property=\"article:publisher\" content=\"https:\/\/www.facebook.com\/TJMultimedia\" \/>\n<meta property=\"article:modified_time\" content=\"2026-05-08T11:12:44+00:00\" \/>\n<meta name=\"twitter:card\" content=\"summary_large_image\" \/>\n<meta name=\"twitter:label1\" content=\"Est. reading time\" \/>\n\t<meta name=\"twitter:data1\" content=\"1 minute\" \/>\n<script type=\"application\/ld+json\" class=\"yoast-schema-graph\">{\"@context\":\"https:\\\/\\\/schema.org\",\"@graph\":[{\"@type\":\"WebPage\",\"@id\":\"https:\\\/\\\/tj-multimedia.pt\\\/blog-tj-multimedia-marketing-comunicacao-e-eventos\\\/\",\"url\":\"https:\\\/\\\/tj-multimedia.pt\\\/blog-tj-multimedia-marketing-comunicacao-e-eventos\\\/\",\"name\":\"Blog TJ Multim\u00e9dia | Produ\u00e7\u00e3o, Multim\u00e9dia e Eventos\",\"isPartOf\":{\"@id\":\"https:\\\/\\\/tj-multimedia.pt\\\/#website\"},\"datePublished\":\"2024-06-28T23:20:48+00:00\",\"dateModified\":\"2026-05-08T11:12:44+00:00\",\"description\":\"Blog da TJ Multim\u00e9dia com conte\u00fados sobre produ\u00e7\u00e3o t\u00e9cnica, multim\u00e9dia, eventos, casamentos, marketing, dicas e tend\u00eancias criativas.\",\"breadcrumb\":{\"@id\":\"https:\\\/\\\/tj-multimedia.pt\\\/blog-tj-multimedia-marketing-comunicacao-e-eventos\\\/#breadcrumb\"},\"inLanguage\":\"en-US\",\"potentialAction\":[{\"@type\":\"ReadAction\",\"target\":[\"https:\\\/\\\/tj-multimedia.pt\\\/blog-tj-multimedia-marketing-comunicacao-e-eventos\\\/\"]}]},{\"@type\":\"BreadcrumbList\",\"@id\":\"https:\\\/\\\/tj-multimedia.pt\\\/blog-tj-multimedia-marketing-comunicacao-e-eventos\\\/#breadcrumb\",\"itemListElement\":[{\"@type\":\"ListItem\",\"position\":1,\"name\":\"Home\",\"item\":\"https:\\\/\\\/tj-multimedia.pt\\\/\"},{\"@type\":\"ListItem\",\"position\":2,\"name\":\"Blog\"}]},{\"@type\":\"WebSite\",\"@id\":\"https:\\\/\\\/tj-multimedia.pt\\\/#website\",\"url\":\"https:\\\/\\\/tj-multimedia.pt\\\/\",\"name\":\"TJ MULTIM\u00c9DIA\",\"description\":\"TJ MULTIM\u00c9DIA\",\"potentialAction\":[{\"@type\":\"SearchAction\",\"target\":{\"@type\":\"EntryPoint\",\"urlTemplate\":\"https:\\\/\\\/tj-multimedia.pt\\\/?s={search_term_string}\"},\"query-input\":{\"@type\":\"PropertyValueSpecification\",\"valueRequired\":true,\"valueName\":\"search_term_string\"}}],\"inLanguage\":\"en-US\"}]}<\/script>\n<!-- \/ Yoast SEO plugin. -->","yoast_head_json":{"title":"Blog TJ Multim\u00e9dia | Produ\u00e7\u00e3o, Multim\u00e9dia e Eventos","description":"Blog da TJ Multim\u00e9dia com conte\u00fados sobre produ\u00e7\u00e3o t\u00e9cnica, multim\u00e9dia, eventos, casamentos, marketing, dicas e tend\u00eancias criativas.","robots":{"index":"index","follow":"follow","max-snippet":"max-snippet:-1","max-image-preview":"max-image-preview:large","max-video-preview":"max-video-preview:-1"},"canonical":"https:\/\/tj-multimedia.pt\/en\/blog-tj-multimedia-marketing-comunicacao-e-eventos\/","og_locale":"en_US","og_type":"article","og_title":"Blog TJ Multim\u00e9dia | Produ\u00e7\u00e3o, Multim\u00e9dia e Eventos","og_description":"Blog da TJ Multim\u00e9dia com conte\u00fados sobre produ\u00e7\u00e3o t\u00e9cnica, multim\u00e9dia, eventos, casamentos, marketing, dicas e tend\u00eancias criativas.","og_url":"https:\/\/tj-multimedia.pt\/en\/blog-tj-multimedia-marketing-comunicacao-e-eventos\/","og_site_name":"TJ MULTIM\u00c9DIA","article_publisher":"https:\/\/www.facebook.com\/TJMultimedia","article_modified_time":"2026-05-08T11:12:44+00:00","twitter_card":"summary_large_image","twitter_misc":{"Est. reading time":"1 minute"},"schema":{"@context":"https:\/\/schema.org","@graph":[{"@type":"WebPage","@id":"https:\/\/tj-multimedia.pt\/blog-tj-multimedia-marketing-comunicacao-e-eventos\/","url":"https:\/\/tj-multimedia.pt\/blog-tj-multimedia-marketing-comunicacao-e-eventos\/","name":"Blog TJ Multim\u00e9dia | Produ\u00e7\u00e3o, Multim\u00e9dia e Eventos","isPartOf":{"@id":"https:\/\/tj-multimedia.pt\/#website"},"datePublished":"2024-06-28T23:20:48+00:00","dateModified":"2026-05-08T11:12:44+00:00","description":"Blog da TJ Multim\u00e9dia com conte\u00fados sobre produ\u00e7\u00e3o t\u00e9cnica, multim\u00e9dia, eventos, casamentos, marketing, dicas e tend\u00eancias criativas.","breadcrumb":{"@id":"https:\/\/tj-multimedia.pt\/blog-tj-multimedia-marketing-comunicacao-e-eventos\/#breadcrumb"},"inLanguage":"en-US","potentialAction":[{"@type":"ReadAction","target":["https:\/\/tj-multimedia.pt\/blog-tj-multimedia-marketing-comunicacao-e-eventos\/"]}]},{"@type":"BreadcrumbList","@id":"https:\/\/tj-multimedia.pt\/blog-tj-multimedia-marketing-comunicacao-e-eventos\/#breadcrumb","itemListElement":[{"@type":"ListItem","position":1,"name":"Home","item":"https:\/\/tj-multimedia.pt\/"},{"@type":"ListItem","position":2,"name":"Blog"}]},{"@type":"WebSite","@id":"https:\/\/tj-multimedia.pt\/#website","url":"https:\/\/tj-multimedia.pt\/","name":"TJ MULTIM\u00c9DIA","description":"TJ MULTIM\u00c9DIA","potentialAction":[{"@type":"SearchAction","target":{"@type":"EntryPoint","urlTemplate":"https:\/\/tj-multimedia.pt\/?s={search_term_string}"},"query-input":{"@type":"PropertyValueSpecification","valueRequired":true,"valueName":"search_term_string"}}],"inLanguage":"en-US"}]}},"_hostinger_reach_plugin_has_subscription_block":false,"_hostinger_reach_plugin_is_elementor":false,"_links":{"self":[{"href":"https:\/\/tj-multimedia.pt\/en\/wp-json\/wp\/v2\/pages\/3774","targetHints":{"allow":["GET"]}}],"collection":[{"href":"https:\/\/tj-multimedia.pt\/en\/wp-json\/wp\/v2\/pages"}],"about":[{"href":"https:\/\/tj-multimedia.pt\/en\/wp-json\/wp\/v2\/types\/page"}],"author":[{"embeddable":true,"href":"https:\/\/tj-multimedia.pt\/en\/wp-json\/wp\/v2\/users\/1"}],"replies":[{"embeddable":true,"href":"https:\/\/tj-multimedia.pt\/en\/wp-json\/wp\/v2\/comments?post=3774"}],"version-history":[{"count":77,"href":"https:\/\/tj-multimedia.pt\/en\/wp-json\/wp\/v2\/pages\/3774\/revisions"}],"predecessor-version":[{"id":6754,"href":"https:\/\/tj-multimedia.pt\/en\/wp-json\/wp\/v2\/pages\/3774\/revisions\/6754"}],"wp:attachment":[{"href":"https:\/\/tj-multimedia.pt\/en\/wp-json\/wp\/v2\/media?parent=3774"}],"curies":[{"name":"wp","href":"https:\/\/api.w.org\/{rel}","templated":true}]}}