{"id":3559,"date":"2024-06-27T21:49:23","date_gmt":"2024-06-27T21:49:23","guid":{"rendered":"https:\/\/tj-multimedia.pt\/?page_id=3559"},"modified":"2024-09-21T23:52:21","modified_gmt":"2024-09-21T23:52:21","slug":"efeitos-especiais","status":"publish","type":"page","link":"https:\/\/tj-multimedia.pt\/en\/efeitos-especiais\/","title":{"rendered":"Special Effects"},"content":{"rendered":"<div data-elementor-type=\"wp-page\" data-elementor-id=\"3559\" class=\"elementor elementor-3559\">\n\t\t\t\t<div class=\"elementor-element elementor-element-f6f7c88 e-flex e-con-boxed wpr-particle-no wpr-jarallax-no wpr-parallax-no wpr-sticky-section-no wpr-column-slider-no wpr-equal-height-no e-con e-parent\" data-id=\"f6f7c88\" data-element_type=\"container\" data-e-type=\"container\" data-settings=\"{&quot;background_background&quot;:&quot;video&quot;,&quot;background_video_link&quot;:&quot;https:\\\/\\\/tj-multimedia.pt\\\/wp-content\\\/uploads\\\/2024\\\/09\\\/efeitos-especiais-1.mp4&quot;,&quot;background_play_on_mobile&quot;:&quot;yes&quot;}\">\n\t\t\t\t\t<div class=\"e-con-inner\">\n\t\t<div class=\"elementor-background-video-container\">\n\t\t\t\t\t\t\t<video class=\"elementor-background-video-hosted\" role=\"presentation\" autoplay muted playsinline loop><\/video>\n\t\t\t\t\t<\/div><div class=\"elementor-element elementor-element-a5636ae e-flex e-con-boxed wpr-particle-no wpr-jarallax-no wpr-parallax-no wpr-sticky-section-no wpr-column-slider-no wpr-equal-height-no e-con e-child\" data-id=\"a5636ae\" data-element_type=\"container\" data-e-type=\"container\">\n\t\t\t\t\t<div class=\"e-con-inner\">\n\t\t\t\t\t<\/div>\n\t\t\t\t<\/div>\n\t\t\t\t\t<\/div>\n\t\t\t\t<\/div>\n\t\t<div class=\"elementor-element elementor-element-a61a562 e-flex e-con-boxed wpr-particle-no wpr-jarallax-no wpr-parallax-no wpr-sticky-section-no wpr-column-slider-no wpr-equal-height-no e-con e-parent\" data-id=\"a61a562\" data-element_type=\"container\" data-e-type=\"container\" id=\"producao\" data-settings=\"{&quot;background_background&quot;:&quot;classic&quot;}\">\n\t\t\t\t\t<div class=\"e-con-inner\">\n\t\t\t\t<div class=\"elementor-element elementor-element-eb3df28 elementor-widget elementor-widget-text-editor\" data-id=\"eb3df28\" data-element_type=\"widget\" data-e-type=\"widget\" data-widget_type=\"text-editor.default\">\n\t\t\t\t<div class=\"elementor-widget-container\">\n\t\t\t\t\t\t\t\t\t<p>Special Effects<\/p>\t\t\t\t\t\t\t\t<\/div>\n\t\t\t\t<\/div>\n\t\t<div class=\"elementor-element elementor-element-5641f46 e-flex e-con-boxed wpr-particle-no wpr-jarallax-no wpr-parallax-no wpr-sticky-section-no wpr-column-slider-no wpr-equal-height-no e-con e-child\" data-id=\"5641f46\" data-element_type=\"container\" data-e-type=\"container\">\n\t\t\t\t\t<div class=\"e-con-inner\">\n\t\t<div class=\"elementor-element elementor-element-320c456 e-flex e-con-boxed wpr-particle-no wpr-jarallax-no wpr-parallax-no wpr-sticky-section-no wpr-column-slider-no wpr-equal-height-no e-con e-child\" data-id=\"320c456\" data-element_type=\"container\" data-e-type=\"container\">\n\t\t\t\t\t<div class=\"e-con-inner\">\n\t\t\t\t<div class=\"elementor-element elementor-element-93b085e elementor-widget elementor-widget-image\" data-id=\"93b085e\" data-element_type=\"widget\" data-e-type=\"widget\" data-widget_type=\"image.default\">\n\t\t\t\t<div class=\"elementor-widget-container\">\n\t\t\t\t\t\t\t\t\t\t\t\t\t\t\t<img fetchpriority=\"high\" decoding=\"async\" width=\"1920\" height=\"1080\" src=\"https:\/\/tj-multimedia.pt\/wp-content\/uploads\/2024\/09\/Untitled_1.171.1.jpg\" class=\"attachment-full size-full wp-image-4809\" alt=\"\" srcset=\"https:\/\/tj-multimedia.pt\/wp-content\/uploads\/2024\/09\/Untitled_1.171.1.jpg 1920w, https:\/\/tj-multimedia.pt\/wp-content\/uploads\/2024\/09\/Untitled_1.171.1-300x169.jpg 300w, https:\/\/tj-multimedia.pt\/wp-content\/uploads\/2024\/09\/Untitled_1.171.1-1024x576.jpg 1024w, https:\/\/tj-multimedia.pt\/wp-content\/uploads\/2024\/09\/Untitled_1.171.1-768x432.jpg 768w, https:\/\/tj-multimedia.pt\/wp-content\/uploads\/2024\/09\/Untitled_1.171.1-1536x864.jpg 1536w\" sizes=\"(max-width: 1920px) 100vw, 1920px\" \/>\t\t\t\t\t\t\t\t\t\t\t\t\t\t\t<\/div>\n\t\t\t\t<\/div>\n\t\t\t\t\t<\/div>\n\t\t\t\t<\/div>\n\t\t<div class=\"elementor-element elementor-element-8dfc505 e-flex e-con-boxed wpr-particle-no wpr-jarallax-no wpr-parallax-no wpr-sticky-section-no wpr-column-slider-no wpr-equal-height-no e-con e-child\" data-id=\"8dfc505\" data-element_type=\"container\" data-e-type=\"container\">\n\t\t\t\t\t<div class=\"e-con-inner\">\n\t\t\t\t<div class=\"elementor-element elementor-element-7d7a7ac elementor-widget elementor-widget-text-editor\" data-id=\"7d7a7ac\" data-element_type=\"widget\" data-e-type=\"widget\" data-widget_type=\"text-editor.default\">\n\t\t\t\t<div class=\"elementor-widget-container\">\n\t\t\t\t\t\t\t\t\t<p><span style=\"font-weight: 400;\">Prepare-se para um espet\u00e1culo de pirotecnia que transforma cada evento em um momento inesquec\u00edvel!<\/span><\/p>\n<p><span style=\"font-weight: 400;\"> Na TJ-Multim\u00e9dia, destacamo-nos pela variedade de efeitos especiais que proporcionamos. Desde fogos de artif\u00edcio deslumbrantes at\u00e9 efeitos de chamas, CO2 e confetis que adicionam cor e dinamismo ao seu evento, e muito mais. Criamos um espet\u00e1culo visualmente impactante.&nbsp;<\/span><\/p>\n<p><\/p>\t\t\t\t\t\t\t\t<\/div>\n\t\t\t\t<\/div>\n\t\t\t\t\t<\/div>\n\t\t\t\t<\/div>\n\t\t\t\t\t<\/div>\n\t\t\t\t<\/div>\n\t\t\t\t<div class=\"elementor-element elementor-element-4e235f1 cta elementor-align-center elementor-widget elementor-widget-button\" data-id=\"4e235f1\" data-element_type=\"widget\" data-e-type=\"widget\" data-widget_type=\"button.default\">\n\t\t\t\t<div class=\"elementor-widget-container\">\n\t\t\t\t\t\t\t\t\t<div class=\"elementor-button-wrapper\">\n\t\t\t\t\t<a class=\"elementor-button elementor-button-link elementor-size-sm elementor-animation-pulse-grow\" href=\"https:\/\/tj-multimedia.pt\/en\/orcamentos\/\">\n\t\t\t\t\t\t<span class=\"elementor-button-content-wrapper\">\n\t\t\t\t\t\t\t\t\t<span class=\"elementor-button-text\">Request a Quote<\/span>\n\t\t\t\t\t<\/span>\n\t\t\t\t\t<\/a>\n\t\t\t\t<\/div>\n\t\t\t\t\t\t\t\t<\/div>\n\t\t\t\t<\/div>\n\t\t\t\t<div class=\"elementor-element elementor-element-2a2cbff elementor-widget elementor-widget-gallery\" data-id=\"2a2cbff\" data-element_type=\"widget\" data-e-type=\"widget\" data-widget_type=\"gallery.default\">\n\t\t\t\t<div class=\"elementor-widget-container\">\n\t\t\t\t\t \t\t\t\t<\/div>\n\t\t\t\t<\/div>\n\t\t\t\t\t<\/div>\n\t\t\t\t<\/div>\n\t\t<div class=\"elementor-element elementor-element-5cccf7b2 e-flex e-con-boxed wpr-particle-no wpr-jarallax-no wpr-parallax-no wpr-sticky-section-no wpr-column-slider-no wpr-equal-height-no e-con e-parent\" data-id=\"5cccf7b2\" data-element_type=\"container\" data-e-type=\"container\" data-settings=\"{&quot;background_background&quot;:&quot;classic&quot;}\">\n\t\t\t\t\t<div class=\"e-con-inner\">\n\t\t<div class=\"elementor-element elementor-element-1e4f0be5 e-flex e-con-boxed wpr-particle-no wpr-jarallax-no wpr-parallax-no wpr-sticky-section-no wpr-column-slider-no wpr-equal-height-no e-con e-child\" data-id=\"1e4f0be5\" data-element_type=\"container\" data-e-type=\"container\" id=\"opcoes\">\n\t\t\t\t\t<div class=\"e-con-inner\">\n\t\t<div class=\"elementor-element elementor-element-110a69c4 e-flex e-con-boxed wpr-particle-no wpr-jarallax-no wpr-parallax-no wpr-sticky-section-no wpr-column-slider-no wpr-equal-height-no e-con e-child\" data-id=\"110a69c4\" data-element_type=\"container\" data-e-type=\"container\">\n\t\t\t\t\t<div class=\"e-con-inner\">\n\t\t<div class=\"elementor-element elementor-element-5d09feea e-flex e-con-boxed wpr-particle-no wpr-jarallax-no wpr-parallax-no wpr-sticky-section-no wpr-column-slider-no wpr-equal-height-no e-con e-child\" data-id=\"5d09feea\" data-element_type=\"container\" data-e-type=\"container\" data-settings=\"{&quot;background_background&quot;:&quot;classic&quot;}\">\n\t\t\t\t\t<div class=\"e-con-inner\">\n\t\t\t\t<div class=\"elementor-element elementor-element-428e4a6d elementor-icon-list--layout-inline elementor-align-center elementor-list-item-link-full_width elementor-widget elementor-widget-icon-list\" data-id=\"428e4a6d\" data-element_type=\"widget\" data-e-type=\"widget\" data-widget_type=\"icon-list.default\">\n\t\t\t\t<div class=\"elementor-widget-container\">\n\t\t\t\t\t\t\t<ul class=\"elementor-icon-list-items elementor-inline-items\">\n\t\t\t\t\t\t\t<li class=\"elementor-icon-list-item elementor-inline-item\">\n\t\t\t\t\t\t\t\t\t\t\t<span class=\"elementor-icon-list-icon\">\n\t\t\t\t\t\t\t<svg aria-hidden=\"true\" class=\"e-font-icon-svg e-fas-check\" viewbox=\"0 0 512 512\" xmlns=\"http:\/\/www.w3.org\/2000\/svg\"><path d=\"M173.898 439.404l-166.4-166.4c-9.997-9.997-9.997-26.206 0-36.204l36.203-36.204c9.997-9.998 26.207-9.998 36.204 0L192 312.69 432.095 72.596c9.997-9.997 26.207-9.997 36.204 0l36.203 36.204c9.997 9.997 9.997 26.206 0 36.204l-294.4 294.401c-9.998 9.997-26.207 9.997-36.204-.001z\"><\/path><\/svg>\t\t\t\t\t\t<\/span>\n\t\t\t\t\t\t\t\t\t\t<span class=\"elementor-icon-list-text\">M\u00e1quinas de fumo<\/span>\n\t\t\t\t\t\t\t\t\t<\/li>\n\t\t\t\t\t\t\t\t<li class=\"elementor-icon-list-item elementor-inline-item\">\n\t\t\t\t\t\t\t\t\t\t\t<span class=\"elementor-icon-list-icon\">\n\t\t\t\t\t\t\t<svg aria-hidden=\"true\" class=\"e-font-icon-svg e-fas-check\" viewbox=\"0 0 512 512\" xmlns=\"http:\/\/www.w3.org\/2000\/svg\"><path d=\"M173.898 439.404l-166.4-166.4c-9.997-9.997-9.997-26.206 0-36.204l36.203-36.204c9.997-9.998 26.207-9.998 36.204 0L192 312.69 432.095 72.596c9.997-9.997 26.207-9.997 36.204 0l36.203 36.204c9.997 9.997 9.997 26.206 0 36.204l-294.4 294.401c-9.998 9.997-26.207 9.997-36.204-.001z\"><\/path><\/svg>\t\t\t\t\t\t<\/span>\n\t\t\t\t\t\t\t\t\t\t<span class=\"elementor-icon-list-text\">Gelo Seco<\/span>\n\t\t\t\t\t\t\t\t\t<\/li>\n\t\t\t\t\t\t\t\t<li class=\"elementor-icon-list-item elementor-inline-item\">\n\t\t\t\t\t\t\t\t\t\t\t<span class=\"elementor-icon-list-icon\">\n\t\t\t\t\t\t\t<svg aria-hidden=\"true\" class=\"e-font-icon-svg e-fas-check\" viewbox=\"0 0 512 512\" xmlns=\"http:\/\/www.w3.org\/2000\/svg\"><path d=\"M173.898 439.404l-166.4-166.4c-9.997-9.997-9.997-26.206 0-36.204l36.203-36.204c9.997-9.998 26.207-9.998 36.204 0L192 312.69 432.095 72.596c9.997-9.997 26.207-9.997 36.204 0l36.203 36.204c9.997 9.997 9.997 26.206 0 36.204l-294.4 294.401c-9.998 9.997-26.207 9.997-36.204-.001z\"><\/path><\/svg>\t\t\t\t\t\t<\/span>\n\t\t\t\t\t\t\t\t\t\t<span class=\"elementor-icon-list-text\">Fogo Artificio<\/span>\n\t\t\t\t\t\t\t\t\t<\/li>\n\t\t\t\t\t\t\t\t<li class=\"elementor-icon-list-item elementor-inline-item\">\n\t\t\t\t\t\t\t\t\t\t\t<span class=\"elementor-icon-list-icon\">\n\t\t\t\t\t\t\t<svg aria-hidden=\"true\" class=\"e-font-icon-svg e-fas-check\" viewbox=\"0 0 512 512\" xmlns=\"http:\/\/www.w3.org\/2000\/svg\"><path d=\"M173.898 439.404l-166.4-166.4c-9.997-9.997-9.997-26.206 0-36.204l36.203-36.204c9.997-9.998 26.207-9.998 36.204 0L192 312.69 432.095 72.596c9.997-9.997 26.207-9.997 36.204 0l36.203 36.204c9.997 9.997 9.997 26.206 0 36.204l-294.4 294.401c-9.998 9.997-26.207 9.997-36.204-.001z\"><\/path><\/svg>\t\t\t\t\t\t<\/span>\n\t\t\t\t\t\t\t\t\t\t<span class=\"elementor-icon-list-text\">Sparkles<\/span>\n\t\t\t\t\t\t\t\t\t<\/li>\n\t\t\t\t\t\t\t\t<li class=\"elementor-icon-list-item elementor-inline-item\">\n\t\t\t\t\t\t\t\t\t\t\t<span class=\"elementor-icon-list-icon\">\n\t\t\t\t\t\t\t<svg aria-hidden=\"true\" class=\"e-font-icon-svg e-fas-check\" viewbox=\"0 0 512 512\" xmlns=\"http:\/\/www.w3.org\/2000\/svg\"><path d=\"M173.898 439.404l-166.4-166.4c-9.997-9.997-9.997-26.206 0-36.204l36.203-36.204c9.997-9.998 26.207-9.998 36.204 0L192 312.69 432.095 72.596c9.997-9.997 26.207-9.997 36.204 0l36.203 36.204c9.997 9.997 9.997 26.206 0 36.204l-294.4 294.401c-9.998 9.997-26.207 9.997-36.204-.001z\"><\/path><\/svg>\t\t\t\t\t\t<\/span>\n\t\t\t\t\t\t\t\t\t\t<span class=\"elementor-icon-list-text\">Confetis<\/span>\n\t\t\t\t\t\t\t\t\t<\/li>\n\t\t\t\t\t\t\t\t<li class=\"elementor-icon-list-item elementor-inline-item\">\n\t\t\t\t\t\t\t\t\t\t\t<span class=\"elementor-icon-list-icon\">\n\t\t\t\t\t\t\t<svg aria-hidden=\"true\" class=\"e-font-icon-svg e-fas-check\" viewbox=\"0 0 512 512\" xmlns=\"http:\/\/www.w3.org\/2000\/svg\"><path d=\"M173.898 439.404l-166.4-166.4c-9.997-9.997-9.997-26.206 0-36.204l36.203-36.204c9.997-9.998 26.207-9.998 36.204 0L192 312.69 432.095 72.596c9.997-9.997 26.207-9.997 36.204 0l36.203 36.204c9.997 9.997 9.997 26.206 0 36.204l-294.4 294.401c-9.998 9.997-26.207 9.997-36.204-.001z\"><\/path><\/svg>\t\t\t\t\t\t<\/span>\n\t\t\t\t\t\t\t\t\t\t<span class=\"elementor-icon-list-text\">Fogo Frio<\/span>\n\t\t\t\t\t\t\t\t\t<\/li>\n\t\t\t\t\t\t<\/ul>\n\t\t\t\t\t\t<\/div>\n\t\t\t\t<\/div>\n\t\t\t\t\t<\/div>\n\t\t\t\t<\/div>\n\t\t\t\t\t<\/div>\n\t\t\t\t<\/div>\n\t\t\t\t\t<\/div>\n\t\t\t\t<\/div>\n\t\t\t\t\t<\/div>\n\t\t\t\t<\/div>\n\t\t\t\t<\/div>\n\t\t\n    <div class=\"xs_social_share_widget xs_share_url after_content \t\tmain_content  wslu-style-1 wslu-share-box-shaped wslu-fill-colored wslu-none wslu-share-horizontal wslu-theme-font-no wslu-main_content\">\n\n\t\t\n        <ul>\n\t\t\t        <\/ul>\n    <\/div>","protected":false},"excerpt":{"rendered":"<p>Efeitos Especiais Prepare-se para um espet\u00e1culo de pirotecnia que transforma cada evento em um momento inesquec\u00edvel! Na TJ-Multim\u00e9dia, destacamo-nos pela variedade de efeitos especiais que proporcionamos. Desde fogos de artif\u00edcio deslumbrantes at\u00e9 efeitos de chamas, CO2 e confetis que adicionam cor e dinamismo ao seu evento, e muito mais. Criamos um espet\u00e1culo visualmente impactante.&nbsp; Pedir Or\u00e7amento M\u00e1quinas de fumo Gelo Seco Fogo Artificio Sparkles Confetis Fogo Frio<\/p>","protected":false},"author":1,"featured_media":0,"parent":0,"menu_order":0,"comment_status":"closed","ping_status":"closed","template":"elementor_header_footer","meta":{"postBodyCss":"","postBodyMargin":[],"postBodyPadding":[],"postBodyBackground":{"backgroundType":"classic","gradient":""},"site-sidebar-layout":"default","site-content-layout":"","ast-site-content-layout":"default","site-content-style":"default","site-sidebar-style":"default","ast-global-header-display":"","ast-banner-title-visibility":"","ast-main-header-display":"","ast-hfb-above-header-display":"","ast-hfb-below-header-display":"","ast-hfb-mobile-header-display":"","site-post-title":"","ast-breadcrumbs-content":"","ast-featured-img":"","footer-sml-layout":"","ast-disable-related-posts":"","theme-transparent-header-meta":"","adv-header-id-meta":"","stick-header-meta":"","header-above-stick-meta":"","header-main-stick-meta":"","header-below-stick-meta":"","astra-migrate-meta-layouts":"default","ast-page-background-enabled":"default","ast-page-background-meta":{"desktop":{"background-color":"var(--ast-global-color-5)","background-image":"","background-repeat":"repeat","background-position":"center center","background-size":"auto","background-attachment":"scroll","background-type":"","background-media":"","overlay-type":"","overlay-color":"","overlay-opacity":"","overlay-gradient":""},"tablet":{"background-color":"","background-image":"","background-repeat":"repeat","background-position":"center center","background-size":"auto","background-attachment":"scroll","background-type":"","background-media":"","overlay-type":"","overlay-color":"","overlay-opacity":"","overlay-gradient":""},"mobile":{"background-color":"","background-image":"","background-repeat":"repeat","background-position":"center center","background-size":"auto","background-attachment":"scroll","background-type":"","background-media":"","overlay-type":"","overlay-color":"","overlay-opacity":"","overlay-gradient":""}},"ast-content-background-meta":{"desktop":{"background-color":"var(--ast-global-color-4)","background-image":"","background-repeat":"repeat","background-position":"center center","background-size":"auto","background-attachment":"scroll","background-type":"","background-media":"","overlay-type":"","overlay-color":"","overlay-opacity":"","overlay-gradient":""},"tablet":{"background-color":"var(--ast-global-color-4)","background-image":"","background-repeat":"repeat","background-position":"center center","background-size":"auto","background-attachment":"scroll","background-type":"","background-media":"","overlay-type":"","overlay-color":"","overlay-opacity":"","overlay-gradient":""},"mobile":{"background-color":"var(--ast-global-color-4)","background-image":"","background-repeat":"repeat","background-position":"center center","background-size":"auto","background-attachment":"scroll","background-type":"","background-media":"","overlay-type":"","overlay-color":"","overlay-opacity":"","overlay-gradient":""}},"footnotes":""},"class_list":["post-3559","page","type-page","status-publish","hentry"],"yoast_head":"<!-- This site is optimized with the Yoast SEO plugin v27.6 - https:\/\/yoast.com\/product\/yoast-seo-wordpress\/ -->\n<title>Efeitos Especiais - TJ MULTIM\u00c9DIA<\/title>\n<meta name=\"robots\" content=\"index, follow, max-snippet:-1, max-image-preview:large, max-video-preview:-1\" \/>\n<link rel=\"canonical\" href=\"https:\/\/tj-multimedia.pt\/en\/efeitos-especiais\/\" \/>\n<meta property=\"og:locale\" content=\"en_US\" \/>\n<meta property=\"og:type\" content=\"article\" \/>\n<meta property=\"og:title\" content=\"Efeitos Especiais - TJ MULTIM\u00c9DIA\" \/>\n<meta property=\"og:description\" content=\"Efeitos Especiais Prepare-se para um espet\u00e1culo de pirotecnia que transforma cada evento em um momento inesquec\u00edvel! Na TJ-Multim\u00e9dia, destacamo-nos pela variedade de efeitos especiais que proporcionamos. Desde fogos de artif\u00edcio deslumbrantes at\u00e9 efeitos de chamas, CO2 e confetis que adicionam cor e dinamismo ao seu evento, e muito mais. Criamos um espet\u00e1culo visualmente impactante.&nbsp; Pedir Or\u00e7amento M\u00e1quinas de fumo Gelo Seco Fogo Artificio Sparkles Confetis Fogo Frio\" \/>\n<meta property=\"og:url\" content=\"https:\/\/tj-multimedia.pt\/en\/efeitos-especiais\/\" \/>\n<meta property=\"og:site_name\" content=\"TJ MULTIM\u00c9DIA\" \/>\n<meta property=\"article:publisher\" content=\"https:\/\/www.facebook.com\/TJMultimedia\" \/>\n<meta property=\"article:modified_time\" content=\"2024-09-21T23:52:21+00:00\" \/>\n<meta property=\"og:image\" content=\"https:\/\/tj-multimedia.pt\/wp-content\/uploads\/2024\/09\/Untitled_1.171.1.jpg\" \/>\n<meta name=\"twitter:card\" content=\"summary_large_image\" \/>\n<meta name=\"twitter:label1\" content=\"Est. reading time\" \/>\n\t<meta name=\"twitter:data1\" content=\"1 minute\" \/>\n<script type=\"application\/ld+json\" class=\"yoast-schema-graph\">{\"@context\":\"https:\\\/\\\/schema.org\",\"@graph\":[{\"@type\":\"WebPage\",\"@id\":\"https:\\\/\\\/tj-multimedia.pt\\\/efeitos-especiais\\\/\",\"url\":\"https:\\\/\\\/tj-multimedia.pt\\\/efeitos-especiais\\\/\",\"name\":\"Efeitos Especiais - TJ MULTIM\u00c9DIA\",\"isPartOf\":{\"@id\":\"https:\\\/\\\/tj-multimedia.pt\\\/#website\"},\"primaryImageOfPage\":{\"@id\":\"https:\\\/\\\/tj-multimedia.pt\\\/efeitos-especiais\\\/#primaryimage\"},\"image\":{\"@id\":\"https:\\\/\\\/tj-multimedia.pt\\\/efeitos-especiais\\\/#primaryimage\"},\"thumbnailUrl\":\"https:\\\/\\\/tj-multimedia.pt\\\/wp-content\\\/uploads\\\/2024\\\/09\\\/Untitled_1.171.1.jpg\",\"datePublished\":\"2024-06-27T21:49:23+00:00\",\"dateModified\":\"2024-09-21T23:52:21+00:00\",\"breadcrumb\":{\"@id\":\"https:\\\/\\\/tj-multimedia.pt\\\/efeitos-especiais\\\/#breadcrumb\"},\"inLanguage\":\"en-US\",\"potentialAction\":[{\"@type\":\"ReadAction\",\"target\":[\"https:\\\/\\\/tj-multimedia.pt\\\/efeitos-especiais\\\/\"]}]},{\"@type\":\"ImageObject\",\"inLanguage\":\"en-US\",\"@id\":\"https:\\\/\\\/tj-multimedia.pt\\\/efeitos-especiais\\\/#primaryimage\",\"url\":\"https:\\\/\\\/tj-multimedia.pt\\\/wp-content\\\/uploads\\\/2024\\\/09\\\/Untitled_1.171.1.jpg\",\"contentUrl\":\"https:\\\/\\\/tj-multimedia.pt\\\/wp-content\\\/uploads\\\/2024\\\/09\\\/Untitled_1.171.1.jpg\"},{\"@type\":\"BreadcrumbList\",\"@id\":\"https:\\\/\\\/tj-multimedia.pt\\\/efeitos-especiais\\\/#breadcrumb\",\"itemListElement\":[{\"@type\":\"ListItem\",\"position\":1,\"name\":\"Home\",\"item\":\"https:\\\/\\\/tj-multimedia.pt\\\/\"},{\"@type\":\"ListItem\",\"position\":2,\"name\":\"Efeitos Especiais\"}]},{\"@type\":\"WebSite\",\"@id\":\"https:\\\/\\\/tj-multimedia.pt\\\/#website\",\"url\":\"https:\\\/\\\/tj-multimedia.pt\\\/\",\"name\":\"TJ MULTIM\u00c9DIA\",\"description\":\"TJ MULTIM\u00c9DIA\",\"potentialAction\":[{\"@type\":\"SearchAction\",\"target\":{\"@type\":\"EntryPoint\",\"urlTemplate\":\"https:\\\/\\\/tj-multimedia.pt\\\/?s={search_term_string}\"},\"query-input\":{\"@type\":\"PropertyValueSpecification\",\"valueRequired\":true,\"valueName\":\"search_term_string\"}}],\"inLanguage\":\"en-US\"}]}<\/script>\n<!-- \/ Yoast SEO plugin. -->","yoast_head_json":{"title":"Efeitos Especiais - TJ MULTIM\u00c9DIA","robots":{"index":"index","follow":"follow","max-snippet":"max-snippet:-1","max-image-preview":"max-image-preview:large","max-video-preview":"max-video-preview:-1"},"canonical":"https:\/\/tj-multimedia.pt\/en\/efeitos-especiais\/","og_locale":"en_US","og_type":"article","og_title":"Efeitos Especiais - TJ MULTIM\u00c9DIA","og_description":"Efeitos Especiais Prepare-se para um espet\u00e1culo de pirotecnia que transforma cada evento em um momento inesquec\u00edvel! Na TJ-Multim\u00e9dia, destacamo-nos pela variedade de efeitos especiais que proporcionamos. Desde fogos de artif\u00edcio deslumbrantes at\u00e9 efeitos de chamas, CO2 e confetis que adicionam cor e dinamismo ao seu evento, e muito mais. Criamos um espet\u00e1culo visualmente impactante.&nbsp; Pedir Or\u00e7amento M\u00e1quinas de fumo Gelo Seco Fogo Artificio Sparkles Confetis Fogo Frio","og_url":"https:\/\/tj-multimedia.pt\/en\/efeitos-especiais\/","og_site_name":"TJ MULTIM\u00c9DIA","article_publisher":"https:\/\/www.facebook.com\/TJMultimedia","article_modified_time":"2024-09-21T23:52:21+00:00","og_image":[{"url":"https:\/\/tj-multimedia.pt\/wp-content\/uploads\/2024\/09\/Untitled_1.171.1.jpg","type":"","width":"","height":""}],"twitter_card":"summary_large_image","twitter_misc":{"Est. reading time":"1 minute"},"schema":{"@context":"https:\/\/schema.org","@graph":[{"@type":"WebPage","@id":"https:\/\/tj-multimedia.pt\/efeitos-especiais\/","url":"https:\/\/tj-multimedia.pt\/efeitos-especiais\/","name":"Efeitos Especiais - TJ MULTIM\u00c9DIA","isPartOf":{"@id":"https:\/\/tj-multimedia.pt\/#website"},"primaryImageOfPage":{"@id":"https:\/\/tj-multimedia.pt\/efeitos-especiais\/#primaryimage"},"image":{"@id":"https:\/\/tj-multimedia.pt\/efeitos-especiais\/#primaryimage"},"thumbnailUrl":"https:\/\/tj-multimedia.pt\/wp-content\/uploads\/2024\/09\/Untitled_1.171.1.jpg","datePublished":"2024-06-27T21:49:23+00:00","dateModified":"2024-09-21T23:52:21+00:00","breadcrumb":{"@id":"https:\/\/tj-multimedia.pt\/efeitos-especiais\/#breadcrumb"},"inLanguage":"en-US","potentialAction":[{"@type":"ReadAction","target":["https:\/\/tj-multimedia.pt\/efeitos-especiais\/"]}]},{"@type":"ImageObject","inLanguage":"en-US","@id":"https:\/\/tj-multimedia.pt\/efeitos-especiais\/#primaryimage","url":"https:\/\/tj-multimedia.pt\/wp-content\/uploads\/2024\/09\/Untitled_1.171.1.jpg","contentUrl":"https:\/\/tj-multimedia.pt\/wp-content\/uploads\/2024\/09\/Untitled_1.171.1.jpg"},{"@type":"BreadcrumbList","@id":"https:\/\/tj-multimedia.pt\/efeitos-especiais\/#breadcrumb","itemListElement":[{"@type":"ListItem","position":1,"name":"Home","item":"https:\/\/tj-multimedia.pt\/"},{"@type":"ListItem","position":2,"name":"Efeitos Especiais"}]},{"@type":"WebSite","@id":"https:\/\/tj-multimedia.pt\/#website","url":"https:\/\/tj-multimedia.pt\/","name":"TJ MULTIM\u00c9DIA","description":"TJ MULTIM\u00c9DIA","potentialAction":[{"@type":"SearchAction","target":{"@type":"EntryPoint","urlTemplate":"https:\/\/tj-multimedia.pt\/?s={search_term_string}"},"query-input":{"@type":"PropertyValueSpecification","valueRequired":true,"valueName":"search_term_string"}}],"inLanguage":"en-US"}]}},"_hostinger_reach_plugin_has_subscription_block":false,"_hostinger_reach_plugin_is_elementor":false,"_links":{"self":[{"href":"https:\/\/tj-multimedia.pt\/en\/wp-json\/wp\/v2\/pages\/3559","targetHints":{"allow":["GET"]}}],"collection":[{"href":"https:\/\/tj-multimedia.pt\/en\/wp-json\/wp\/v2\/pages"}],"about":[{"href":"https:\/\/tj-multimedia.pt\/en\/wp-json\/wp\/v2\/types\/page"}],"author":[{"embeddable":true,"href":"https:\/\/tj-multimedia.pt\/en\/wp-json\/wp\/v2\/users\/1"}],"replies":[{"embeddable":true,"href":"https:\/\/tj-multimedia.pt\/en\/wp-json\/wp\/v2\/comments?post=3559"}],"version-history":[{"count":34,"href":"https:\/\/tj-multimedia.pt\/en\/wp-json\/wp\/v2\/pages\/3559\/revisions"}],"predecessor-version":[{"id":5138,"href":"https:\/\/tj-multimedia.pt\/en\/wp-json\/wp\/v2\/pages\/3559\/revisions\/5138"}],"wp:attachment":[{"href":"https:\/\/tj-multimedia.pt\/en\/wp-json\/wp\/v2\/media?parent=3559"}],"curies":[{"name":"wp","href":"https:\/\/api.w.org\/{rel}","templated":true}]}}