{"id":2651,"date":"2024-05-04T19:23:26","date_gmt":"2024-05-04T19:23:26","guid":{"rendered":"https:\/\/devcenter.pt\/interblank\/?page_id=2651"},"modified":"2025-02-24T22:24:32","modified_gmt":"2025-02-24T22:24:32","slug":"contactos","status":"publish","type":"page","link":"https:\/\/tj-multimedia.pt\/en\/contactos\/","title":{"rendered":"Contacts"},"content":{"rendered":"\t\t<div data-elementor-type=\"wp-page\" data-elementor-id=\"2651\" class=\"elementor elementor-2651\">\n\t\t\t\t<div class=\"elementor-element elementor-element-4935ee1 e-con-full e-flex wpr-particle-no wpr-jarallax-no wpr-parallax-no wpr-sticky-section-no wpr-column-slider-no wpr-equal-height-no e-con e-parent\" data-id=\"4935ee1\" data-element_type=\"container\" data-e-type=\"container\">\n\t\t\t\t<div class=\"elementor-element elementor-element-b455651 elementor-widget elementor-widget-slides\" data-id=\"b455651\" data-element_type=\"widget\" data-e-type=\"widget\" data-widget_type=\"slides.default\">\n\t\t\t\t<div class=\"elementor-widget-container\">\n\t\t\t\t\t \t\t\t\t<\/div>\n\t\t\t\t<\/div>\n\t\t\t\t<\/div>\n\t\t<div class=\"elementor-element elementor-element-5eb8e7b2 e-flex e-con-boxed wpr-particle-no wpr-jarallax-no wpr-parallax-no wpr-sticky-section-no wpr-column-slider-no wpr-equal-height-no e-con e-parent\" data-id=\"5eb8e7b2\" data-element_type=\"container\" data-e-type=\"container\" data-settings=\"{&quot;background_background&quot;:&quot;classic&quot;}\">\n\t\t\t\t\t<div class=\"e-con-inner\">\n\t\t\t\t<div class=\"elementor-element elementor-element-2420ca80 elementor-widget elementor-widget-text-editor\" data-id=\"2420ca80\" data-element_type=\"widget\" data-e-type=\"widget\" data-widget_type=\"text-editor.default\">\n\t\t\t\t<div class=\"elementor-widget-container\">\n\t\t\t\t\t\t\t\t\t<p><b>Vamos conversar.<\/b><\/p><p><b>Fale do seu projeto, evento ou ideia.<\/b><\/p>\t\t\t\t\t\t\t\t<\/div>\n\t\t\t\t<\/div>\n\t\t<div class=\"elementor-element elementor-element-901143b e-con-full e-flex wpr-particle-no wpr-jarallax-no wpr-parallax-no wpr-sticky-section-no wpr-column-slider-no wpr-equal-height-no e-con e-child\" data-id=\"901143b\" data-element_type=\"container\" data-e-type=\"container\" data-settings=\"{&quot;background_background&quot;:&quot;classic&quot;}\">\n\t\t<div class=\"elementor-element elementor-element-14d231b3 e-con-full e-flex wpr-particle-no wpr-jarallax-no wpr-parallax-no wpr-sticky-section-no wpr-column-slider-no wpr-equal-height-no e-con e-child\" data-id=\"14d231b3\" data-element_type=\"container\" data-e-type=\"container\">\n\t\t\t\t<div class=\"elementor-element elementor-element-1b3348f elementor-widget elementor-widget-text-editor\" data-id=\"1b3348f\" data-element_type=\"widget\" data-e-type=\"widget\" data-widget_type=\"text-editor.default\">\n\t\t\t\t<div class=\"elementor-widget-container\">\n\t\t\t\t\t\t\t\t\t<p><b>Contactos<\/b><\/p>\t\t\t\t\t\t\t\t<\/div>\n\t\t\t\t<\/div>\n\t\t\t\t<div class=\"elementor-element elementor-element-295084d elementor-widget elementor-widget-text-editor\" data-id=\"295084d\" data-element_type=\"widget\" data-e-type=\"widget\" data-widget_type=\"text-editor.default\">\n\t\t\t\t<div class=\"elementor-widget-container\">\n\t\t\t\t\t\t\t\t\t<p>Email: geral@tj-multimedia.pt<\/p><p>Tel: +351 931 357 976<\/p><p>Tel: +351 935 547 622<\/p><p>Tel: +351 964 719 333<\/p><p>\u00a0<\/p><p>\u00a0<\/p><p>Hor\u00e1rio de Funcionamento do escrit\u00f3rio: 2\u00aa a 6\u00aa das 10h \u00e0s 19h<\/p><p>\u00a0<\/p><p>Sintra | Lisboa | Portugal<\/p>\t\t\t\t\t\t\t\t<\/div>\n\t\t\t\t<\/div>\n\t\t\t\t<\/div>\n\t\t<div class=\"elementor-element elementor-element-6387716 e-con-full e-flex wpr-particle-no wpr-jarallax-no wpr-parallax-no wpr-sticky-section-no wpr-column-slider-no wpr-equal-height-no e-con e-child\" data-id=\"6387716\" data-element_type=\"container\" data-e-type=\"container\">\n\t\t\t\t<div class=\"elementor-element elementor-element-90e6f70 elementor-widget elementor-widget-text-editor\" data-id=\"90e6f70\" data-element_type=\"widget\" data-e-type=\"widget\" data-widget_type=\"text-editor.default\">\n\t\t\t\t<div class=\"elementor-widget-container\">\n\t\t\t\t\t\t\t\t\t<p><b>Envie-nos um e-mail<\/b><\/p>\t\t\t\t\t\t\t\t<\/div>\n\t\t\t\t<\/div>\n\t\t\t\t<div class=\"elementor-element elementor-element-bb413cd elementor-widget elementor-widget-form\" data-id=\"bb413cd\" data-element_type=\"widget\" data-e-type=\"widget\" data-widget_type=\"form.default\">\n\t\t\t\t<div class=\"elementor-widget-container\">\n\t\t\t\t\t \t\t\t\t<\/div>\n\t\t\t\t<\/div>\n\t\t\t\t<\/div>\n\t\t\t\t<\/div>\n\t\t\t\t\t<\/div>\n\t\t\t\t<\/div>\n\t\t<div class=\"elementor-element elementor-element-96c02c8 e-flex e-con-boxed wpr-particle-no wpr-jarallax-no wpr-parallax-no wpr-sticky-section-no wpr-column-slider-no wpr-equal-height-no e-con e-parent\" data-id=\"96c02c8\" data-element_type=\"container\" data-e-type=\"container\" data-settings=\"{&quot;background_background&quot;:&quot;classic&quot;}\">\n\t\t\t\t\t<div class=\"e-con-inner\">\n\t\t\t\t<div class=\"elementor-element elementor-element-cc5ea26 elementor-widget elementor-widget-testimonial-carousel\" data-id=\"cc5ea26\" data-element_type=\"widget\" data-e-type=\"widget\" data-widget_type=\"testimonial-carousel.default\">\n\t\t\t\t<div class=\"elementor-widget-container\">\n\t\t\t\t\t \t\t\t\t<\/div>\n\t\t\t\t<\/div>\n\t\t\t\t<div class=\"elementor-element elementor-element-65210e3 elementor-widget elementor-widget-shortcode\" data-id=\"65210e3\" data-element_type=\"widget\" data-e-type=\"widget\" data-widget_type=\"shortcode.default\">\n\t\t\t\t<div class=\"elementor-widget-container\">\n\t\t\t\t\t\t\t<div class=\"elementor-shortcode\"><style id=\"sp_lcp_dynamic_css4271\">div#logo-carousel-free-4271.logo-carousel-free .sp-lc-logo{border: 1px solid #dddddd;border-radius: 0px;overflow: hidden;}div#logo-carousel-free-4271.logo-carousel-free .sp-lc-logo:hover{border-color: #dd9933;}#logo-carousel-free-4271.sp-lc-container .sp-lc-pagination .swiper-pagination-bullet {background-color: #dddddd;margin: 0 4px;}#logo-carousel-free-4271.sp-lc-container .sp-lc-pagination .swiper-pagination-bullet.swiper-pagination-bullet-active{background-color: #16a08b; }#logo-carousel-free-4271.sp-lc-container .sp-logo-carousel {padding-top: 46px;}#logo-carousel-free-4271.sp-lc-container .sp-lc-button-prev,#logo-carousel-free-4271.sp-lc-container .sp-lc-button-next {color: #aaaaaa;background: transparent;border: 1px solid #aaaaaa;line-height: 28px;}#logo-carousel-free-4271.sp-lc-container .sp-lc-button-prev:hover,#logo-carousel-free-4271.sp-lc-container .sp-lc-button-next:hover{background-color: #16a08b;color: #ffffff;border-color: #16a08b;}@media only screen and (max-width: 576px) {} .logo-carousel-free-area#logo-carousel-free-4271{position: relative;}#lcp-preloader-4271{position: absolute;left: 0;top: 0;height: 100%;width: 100%;text-align: center;display: flex;align-items: center;justify-content: center;background: #fff;z-index: 9999;} .logo-carousel-free-area#logo-carousel-free-4271 .sp-logo-carousel-section-title{margin-bottom: 30px;}#logo-carousel-free-4271 .sp-lc-grid-container { justify-content: left; align-items: center; } #logo-carousel-free-4271 .swiper-wrapper .swiper-slide { align-self: center; }#logo-carousel-free-4271 .sp-lc-grid-container {margin-left: -4px;margin-right: -4px;width: calc( 100% + 8px);}#logo-carousel-free-4271 .sp-lc-grid-container [class*=\"lc-col\"] {padding-left: 4px;padding-right: 4px;padding-bottom: 8px;}@media screen and (min-width: 1200px ){.logo-carousel-free-area#logo-carousel-free-4271 .sp-logo-carousel:not([class*=\"-initialized\"]) > .swiper-wrapper {display: flex;width: calc( 100% + 8px );}.logo-carousel-free-area#logo-carousel-free-4271 .sp-logo-carousel:not([class*=\"-initialized\"]) > .swiper-wrapper > .swiper-slide {width: 20%;padding-right: 8px;}}<\/style>\n<div id='logo-carousel-free-4271' class=\"logo-carousel-free logo-carousel-free-area sp-lc-container\">\n\t\t\t<div id=\"lcp-preloader-4271\" class=\"sp-logo-carousel-preloader\"><img decoding=\"async\" src=\"https:\/\/tj-multimedia.pt\/wp-content\/plugins\/logo-carousel-free\/admin\/assets\/images\/spinner.svg\" class=\"skip-lazy\" alt=\"Loader Image\"\/><\/div>\n\t\t\t<div id=\"sp-logo-carousel-id-4271\" class=\"swiper-container sp-logo-carousel  lcp-preloader\" dir=\"ltr\" data-carousel='{ \"speed\":7201,\"spaceBetween\": 8, \"autoplay\": true, \"infinite\":true, \"autoplay_speed\": 3000, \"stop_onHover\": false, \"pagination\": true, \"navigation\": true, \"MobileNav\": true, \"MobilePagi\": true, \"simulateTouch\": true,\"freeMode\": false,\"swipeToSlide\": false, \"carousel_accessibility\": true,\"adaptiveHeight\": false,\"allowTouchMove\": true, \"slidesPerView\": { \"lg_desktop\": 5, \"desktop\": 4, \"tablet\": 3, \"mobile\": 1, \"mobile_landscape\": 2 } }' data-carousel-starts-onscreen=\"false\">\n\t\t<div class=\"swiper-wrapper\">\n\t\t\t\t<div class=\"swiper-slide\"><div class=\"sp-lc-logo\"><img fetchpriority=\"high\" decoding=\"async\" src=\"https:\/\/tj-multimedia.pt\/wp-content\/uploads\/2024\/09\/Clarins.png\" title=\"\" alt=\"Clarins\" width=\"400\" height=\"156\" class=\"sp-lc-image\"><\/div><\/div>\n\t\t<div class=\"swiper-slide\"><div class=\"sp-lc-logo\"><img decoding=\"async\" src=\"https:\/\/tj-multimedia.pt\/wp-content\/uploads\/2024\/09\/aljustrel-1.png\" title=\"\" alt=\"Aljustrel\" width=\"400\" height=\"156\" class=\"sp-lc-image\"><\/div><\/div>\n\t\t<div class=\"swiper-slide\"><div class=\"sp-lc-logo\"><img decoding=\"async\" src=\"https:\/\/tj-multimedia.pt\/wp-content\/uploads\/2024\/09\/oeiras.png\" title=\"\" alt=\"Oeiras\" width=\"400\" height=\"156\" class=\"sp-lc-image\"><\/div><\/div>\n\t\t<div class=\"swiper-slide\"><div class=\"sp-lc-logo\"><img loading=\"lazy\" decoding=\"async\" src=\"https:\/\/tj-multimedia.pt\/wp-content\/uploads\/2024\/09\/loures.png\" title=\"\" alt=\"Loures\" width=\"400\" height=\"156\" class=\"sp-lc-image\"><\/div><\/div>\n\t\t<div class=\"swiper-slide\"><div class=\"sp-lc-logo\"><img loading=\"lazy\" decoding=\"async\" src=\"https:\/\/tj-multimedia.pt\/wp-content\/uploads\/2024\/09\/jloures-1.png\" title=\"\" alt=\"JLoures\" width=\"400\" height=\"156\" class=\"sp-lc-image\"><\/div><\/div>\n\t\t<div class=\"swiper-slide\"><div class=\"sp-lc-logo\"><img loading=\"lazy\" decoding=\"async\" src=\"https:\/\/tj-multimedia.pt\/wp-content\/uploads\/2024\/09\/MCMafra-4.png\" title=\"\" alt=\"MCMafra\" width=\"400\" height=\"156\" class=\"sp-lc-image\"><\/div><\/div>\n\t\t<div class=\"swiper-slide\"><div class=\"sp-lc-logo\"><img loading=\"lazy\" decoding=\"async\" src=\"https:\/\/tj-multimedia.pt\/wp-content\/uploads\/2024\/09\/Prio.png\" title=\"\" alt=\"\" width=\"400\" height=\"156\" class=\"sp-lc-image\"><\/div><\/div>\n\t\t<div class=\"swiper-slide\"><div class=\"sp-lc-logo\"><img loading=\"lazy\" decoding=\"async\" src=\"https:\/\/tj-multimedia.pt\/wp-content\/uploads\/2024\/09\/Jmafra.png\" title=\"\" alt=\"JMafra\" width=\"400\" height=\"156\" class=\"sp-lc-image\"><\/div><\/div>\n\t\t<div class=\"swiper-slide\"><div class=\"sp-lc-logo\"><img loading=\"lazy\" decoding=\"async\" src=\"https:\/\/tj-multimedia.pt\/wp-content\/uploads\/2024\/09\/Era-1.png\" title=\"\" alt=\"Era\" width=\"400\" height=\"156\" class=\"sp-lc-image\"><\/div><\/div>\n\t\t<div class=\"swiper-slide\"><div class=\"sp-lc-logo\"><img loading=\"lazy\" decoding=\"async\" src=\"https:\/\/tj-multimedia.pt\/wp-content\/uploads\/2024\/09\/makro.png\" title=\"\" alt=\"Makro\" width=\"400\" height=\"156\" class=\"sp-lc-image\"><\/div><\/div>\n\t\t\t<\/div>\n\n\t\t\t\t\t<div class=\"sp-lc-pagination swiper-pagination dots\"><\/div>\n\t\t\t\t\t\t<div class=\"sp-lc-button-next\"><i class=\"fa fa-angle-right\"><\/i><\/div>\n\t\t\t<div class=\"sp-lc-button-prev\"><i class=\"fa fa-angle-left\"><\/i><\/div>\n\t\t\t\t<\/div>\n<\/div>\n<\/div>\n\t\t\t\t\t\t<\/div>\n\t\t\t\t<\/div>\n\t\t\t\t\t<\/div>\n\t\t\t\t<\/div>\n\t\t\t\t<\/div>\n\t\t\n    <div class=\"xs_social_share_widget xs_share_url after_content \t\tmain_content  wslu-style-1 wslu-share-box-shaped wslu-fill-colored wslu-none wslu-share-horizontal wslu-theme-font-no wslu-main_content\">\n\n\t\t\n        <ul>\n\t\t\t        <\/ul>\n    <\/div> \n","protected":false},"excerpt":{"rendered":"<p>Contacte-nosSomos uma equipa dedicada a ouvir as suas ideias e dar vida ao que imagina. Se \u00e9 isso que procura, fale connosco! Vamos conversar. Fale do seu projeto, evento ou ideia. Contactos Email: geral@tj-multimedia.pt Tel: +351 931 357 976 Tel: +351 935 547 622 Tel: +351 964 719 333 \u00a0 \u00a0 Hor\u00e1rio de Funcionamento do escrit\u00f3rio: 2\u00aa a 6\u00aa das 10h \u00e0s 19h \u00a0 Sintra | Lisboa | Portugal Envie-nos um e-mail Grande noite. Desde j\u00e1 queriamos agradecer o convite para participar neste grande festa e da forma como fomos recebidos pela Liga dos Amigos Covas de Ferro e todos os presentes. Queremos tamb\u00e9m agradecer \u00e0 TJ-Multim\u00e9dia pelo grande trabalho realizado. Rockonnnnn. Rocktulo Daniela, Tiago e Dinis. Lamento n\u00e3o estar convosco no \u00faltimo dia de fexpomalveira,. Agrade\u00e7o-vos, penhoradamente, a paci\u00eancia que tiveram comigo e a forma educada, honesta e s\u00e9ria com que sempre me trataram. Um grande abra\u00e7o para todos e espero que a \u00faltima noite tenha corrido bem. Bem hajam! Nuno PinheiroVice-Presidente FexpoMalveira 2024 \u00c0 TJ-Multim\u00e9dia, gratos pelo vosso profissionalismo e organiza\u00e7\u00e3o, desde hor\u00e1rios ao conforto em palco, s\u00f3 poderia ser uma noite de sucesso! Daniela Nunes, David Deus, Dinis e restante Staff Duo Nuno e Marina Um muito obrigado especial \u00e0 TJ-Multim\u00e9dia pela excelente produ\u00e7\u00e3o em todo o backstage e pelo carinho com que fomos recebidos. Emporium Trio Um agradecimento especial \u00e0 TJ-Multimedia por terem vestido a camisola e tornarem esta festa poss\u00edvel! Liga dos Amigos de Covas de Ferro Obrigada \u00e1 Liga dos Amigos Covas de Ferro pelo convite e parab\u00e9ns \u00e1 empresa TJ-Multimedia pela magn\u00edfica produ\u00e7\u00e3o. VOS AMO DE PAIX\u00c3O Maria Leal Previous Next<\/p>","protected":false},"author":1,"featured_media":0,"parent":0,"menu_order":0,"comment_status":"closed","ping_status":"closed","template":"elementor_header_footer","meta":{"postBodyCss":"","postBodyMargin":[],"postBodyPadding":[],"postBodyBackground":{"backgroundType":"classic","gradient":""},"site-sidebar-layout":"default","site-content-layout":"","ast-site-content-layout":"default","site-content-style":"default","site-sidebar-style":"default","ast-global-header-display":"","ast-banner-title-visibility":"","ast-main-header-display":"","ast-hfb-above-header-display":"","ast-hfb-below-header-display":"","ast-hfb-mobile-header-display":"","site-post-title":"","ast-breadcrumbs-content":"","ast-featured-img":"","footer-sml-layout":"","ast-disable-related-posts":"","theme-transparent-header-meta":"","adv-header-id-meta":"","stick-header-meta":"","header-above-stick-meta":"","header-main-stick-meta":"","header-below-stick-meta":"","astra-migrate-meta-layouts":"default","ast-page-background-enabled":"default","ast-page-background-meta":{"desktop":{"background-color":"var(--ast-global-color-5)","background-image":"","background-repeat":"repeat","background-position":"center center","background-size":"auto","background-attachment":"scroll","background-type":"","background-media":"","overlay-type":"","overlay-color":"","overlay-opacity":"","overlay-gradient":""},"tablet":{"background-color":"","background-image":"","background-repeat":"repeat","background-position":"center center","background-size":"auto","background-attachment":"scroll","background-type":"","background-media":"","overlay-type":"","overlay-color":"","overlay-opacity":"","overlay-gradient":""},"mobile":{"background-color":"","background-image":"","background-repeat":"repeat","background-position":"center center","background-size":"auto","background-attachment":"scroll","background-type":"","background-media":"","overlay-type":"","overlay-color":"","overlay-opacity":"","overlay-gradient":""}},"ast-content-background-meta":{"desktop":{"background-color":"var(--ast-global-color-4)","background-image":"","background-repeat":"repeat","background-position":"center center","background-size":"auto","background-attachment":"scroll","background-type":"","background-media":"","overlay-type":"","overlay-color":"","overlay-opacity":"","overlay-gradient":""},"tablet":{"background-color":"var(--ast-global-color-4)","background-image":"","background-repeat":"repeat","background-position":"center center","background-size":"auto","background-attachment":"scroll","background-type":"","background-media":"","overlay-type":"","overlay-color":"","overlay-opacity":"","overlay-gradient":""},"mobile":{"background-color":"var(--ast-global-color-4)","background-image":"","background-repeat":"repeat","background-position":"center center","background-size":"auto","background-attachment":"scroll","background-type":"","background-media":"","overlay-type":"","overlay-color":"","overlay-opacity":"","overlay-gradient":""}},"footnotes":""},"class_list":["post-2651","page","type-page","status-publish","hentry"],"yoast_head":"<!-- This site is optimized with the Yoast SEO plugin v27.6 - https:\/\/yoast.com\/product\/yoast-seo-wordpress\/ -->\n<title>Contactos - TJ MULTIM\u00c9DIA<\/title>\n<meta name=\"description\" content=\"Quer dar vida ao seu evento, fazer uma filmagem para a sua empresa ou uma sess\u00e3o fotogr\u00e1fica? N\u00e3o hesite em contactar-nos!\" \/>\n<meta name=\"robots\" content=\"index, follow, max-snippet:-1, max-image-preview:large, max-video-preview:-1\" \/>\n<link rel=\"canonical\" href=\"https:\/\/tj-multimedia.pt\/en\/contactos\/\" \/>\n<meta property=\"og:locale\" content=\"en_US\" \/>\n<meta property=\"og:type\" content=\"article\" \/>\n<meta property=\"og:title\" content=\"Contactos - TJ MULTIM\u00c9DIA\" \/>\n<meta property=\"og:description\" content=\"Quer dar vida ao seu evento, fazer uma filmagem para a sua empresa ou uma sess\u00e3o fotogr\u00e1fica? N\u00e3o hesite em contactar-nos!\" \/>\n<meta property=\"og:url\" content=\"https:\/\/tj-multimedia.pt\/en\/contactos\/\" \/>\n<meta property=\"og:site_name\" content=\"TJ MULTIM\u00c9DIA\" \/>\n<meta property=\"article:publisher\" content=\"https:\/\/www.facebook.com\/TJMultimedia\" \/>\n<meta property=\"article:modified_time\" content=\"2025-02-24T22:24:32+00:00\" \/>\n<meta name=\"twitter:card\" content=\"summary_large_image\" \/>\n<meta name=\"twitter:label1\" content=\"Est. reading time\" \/>\n\t<meta name=\"twitter:data1\" content=\"2 minutes\" \/>\n<script type=\"application\/ld+json\" class=\"yoast-schema-graph\">{\"@context\":\"https:\\\/\\\/schema.org\",\"@graph\":[{\"@type\":\"WebPage\",\"@id\":\"https:\\\/\\\/tj-multimedia.pt\\\/contactos\\\/\",\"url\":\"https:\\\/\\\/tj-multimedia.pt\\\/contactos\\\/\",\"name\":\"Contactos - TJ MULTIM\u00c9DIA\",\"isPartOf\":{\"@id\":\"https:\\\/\\\/tj-multimedia.pt\\\/#website\"},\"datePublished\":\"2024-05-04T19:23:26+00:00\",\"dateModified\":\"2025-02-24T22:24:32+00:00\",\"description\":\"Quer dar vida ao seu evento, fazer uma filmagem para a sua empresa ou uma sess\u00e3o fotogr\u00e1fica? N\u00e3o hesite em contactar-nos!\",\"breadcrumb\":{\"@id\":\"https:\\\/\\\/tj-multimedia.pt\\\/contactos\\\/#breadcrumb\"},\"inLanguage\":\"en-US\",\"potentialAction\":[{\"@type\":\"ReadAction\",\"target\":[\"https:\\\/\\\/tj-multimedia.pt\\\/contactos\\\/\"]}]},{\"@type\":\"BreadcrumbList\",\"@id\":\"https:\\\/\\\/tj-multimedia.pt\\\/contactos\\\/#breadcrumb\",\"itemListElement\":[{\"@type\":\"ListItem\",\"position\":1,\"name\":\"Home\",\"item\":\"https:\\\/\\\/tj-multimedia.pt\\\/\"},{\"@type\":\"ListItem\",\"position\":2,\"name\":\"Contactos\"}]},{\"@type\":\"WebSite\",\"@id\":\"https:\\\/\\\/tj-multimedia.pt\\\/#website\",\"url\":\"https:\\\/\\\/tj-multimedia.pt\\\/\",\"name\":\"TJ MULTIM\u00c9DIA\",\"description\":\"TJ MULTIM\u00c9DIA\",\"potentialAction\":[{\"@type\":\"SearchAction\",\"target\":{\"@type\":\"EntryPoint\",\"urlTemplate\":\"https:\\\/\\\/tj-multimedia.pt\\\/?s={search_term_string}\"},\"query-input\":{\"@type\":\"PropertyValueSpecification\",\"valueRequired\":true,\"valueName\":\"search_term_string\"}}],\"inLanguage\":\"en-US\"}]}<\/script>\n<!-- \/ Yoast SEO plugin. -->","yoast_head_json":{"title":"Contactos - TJ MULTIM\u00c9DIA","description":"Quer dar vida ao seu evento, fazer uma filmagem para a sua empresa ou uma sess\u00e3o fotogr\u00e1fica? N\u00e3o hesite em contactar-nos!","robots":{"index":"index","follow":"follow","max-snippet":"max-snippet:-1","max-image-preview":"max-image-preview:large","max-video-preview":"max-video-preview:-1"},"canonical":"https:\/\/tj-multimedia.pt\/en\/contactos\/","og_locale":"en_US","og_type":"article","og_title":"Contactos - TJ MULTIM\u00c9DIA","og_description":"Quer dar vida ao seu evento, fazer uma filmagem para a sua empresa ou uma sess\u00e3o fotogr\u00e1fica? N\u00e3o hesite em contactar-nos!","og_url":"https:\/\/tj-multimedia.pt\/en\/contactos\/","og_site_name":"TJ MULTIM\u00c9DIA","article_publisher":"https:\/\/www.facebook.com\/TJMultimedia","article_modified_time":"2025-02-24T22:24:32+00:00","twitter_card":"summary_large_image","twitter_misc":{"Est. reading time":"2 minutes"},"schema":{"@context":"https:\/\/schema.org","@graph":[{"@type":"WebPage","@id":"https:\/\/tj-multimedia.pt\/contactos\/","url":"https:\/\/tj-multimedia.pt\/contactos\/","name":"Contactos - TJ MULTIM\u00c9DIA","isPartOf":{"@id":"https:\/\/tj-multimedia.pt\/#website"},"datePublished":"2024-05-04T19:23:26+00:00","dateModified":"2025-02-24T22:24:32+00:00","description":"Quer dar vida ao seu evento, fazer uma filmagem para a sua empresa ou uma sess\u00e3o fotogr\u00e1fica? N\u00e3o hesite em contactar-nos!","breadcrumb":{"@id":"https:\/\/tj-multimedia.pt\/contactos\/#breadcrumb"},"inLanguage":"en-US","potentialAction":[{"@type":"ReadAction","target":["https:\/\/tj-multimedia.pt\/contactos\/"]}]},{"@type":"BreadcrumbList","@id":"https:\/\/tj-multimedia.pt\/contactos\/#breadcrumb","itemListElement":[{"@type":"ListItem","position":1,"name":"Home","item":"https:\/\/tj-multimedia.pt\/"},{"@type":"ListItem","position":2,"name":"Contactos"}]},{"@type":"WebSite","@id":"https:\/\/tj-multimedia.pt\/#website","url":"https:\/\/tj-multimedia.pt\/","name":"TJ MULTIM\u00c9DIA","description":"TJ MULTIM\u00c9DIA","potentialAction":[{"@type":"SearchAction","target":{"@type":"EntryPoint","urlTemplate":"https:\/\/tj-multimedia.pt\/?s={search_term_string}"},"query-input":{"@type":"PropertyValueSpecification","valueRequired":true,"valueName":"search_term_string"}}],"inLanguage":"en-US"}]}},"_hostinger_reach_plugin_has_subscription_block":false,"_hostinger_reach_plugin_is_elementor":false,"_links":{"self":[{"href":"https:\/\/tj-multimedia.pt\/en\/wp-json\/wp\/v2\/pages\/2651","targetHints":{"allow":["GET"]}}],"collection":[{"href":"https:\/\/tj-multimedia.pt\/en\/wp-json\/wp\/v2\/pages"}],"about":[{"href":"https:\/\/tj-multimedia.pt\/en\/wp-json\/wp\/v2\/types\/page"}],"author":[{"embeddable":true,"href":"https:\/\/tj-multimedia.pt\/en\/wp-json\/wp\/v2\/users\/1"}],"replies":[{"embeddable":true,"href":"https:\/\/tj-multimedia.pt\/en\/wp-json\/wp\/v2\/comments?post=2651"}],"version-history":[{"count":109,"href":"https:\/\/tj-multimedia.pt\/en\/wp-json\/wp\/v2\/pages\/2651\/revisions"}],"predecessor-version":[{"id":5993,"href":"https:\/\/tj-multimedia.pt\/en\/wp-json\/wp\/v2\/pages\/2651\/revisions\/5993"}],"wp:attachment":[{"href":"https:\/\/tj-multimedia.pt\/en\/wp-json\/wp\/v2\/media?parent=2651"}],"curies":[{"name":"wp","href":"https:\/\/api.w.org\/{rel}","templated":true}]}}